{"id":7896,"date":"2024-11-14T07:48:29","date_gmt":"2024-11-14T07:48:29","guid":{"rendered":"https:\/\/thaigarden.com\/?page_id=7896"},"modified":"2025-05-05T17:30:51","modified_gmt":"2025-05-05T10:30:51","slug":"exclusive-luxury-services","status":"publish","type":"page","link":"https:\/\/thaigarden.com\/de\/exclusive-luxury-services\/","title":{"rendered":"Exklusive Dienstleistungen"},"content":{"rendered":"<div data-elementor-type=\"wp-page\" data-elementor-id=\"7896\" class=\"elementor elementor-7896\">\n\t\t\t\t<div class=\"elementor-element elementor-element-84023f1 e-flex e-con-boxed e-con e-parent\" data-id=\"84023f1\" data-element_type=\"container\" data-e-type=\"container\">\n\t\t\t\t\t<div class=\"e-con-inner\">\n\t\t\t\t<div class=\"elementor-element elementor-element-2955fde elementor-widget elementor-widget-text-editor\" data-id=\"2955fde\" data-element_type=\"widget\" data-e-type=\"widget\" data-widget_type=\"text-editor.default\">\n\t\t\t\t<div class=\"elementor-widget-container\">\n\t\t\t\t\t\t\t\t\t<p>Rolls-Royce-, Yacht- &amp; Golferlebnisse<\/p>\t\t\t\t\t\t\t\t<\/div>\n\t\t\t\t<\/div>\n\t\t\t\t<div class=\"elementor-element elementor-element-f1925a1 elementor-widget elementor-widget-text-editor\" data-id=\"f1925a1\" data-element_type=\"widget\" data-e-type=\"widget\" data-widget_type=\"text-editor.default\">\n\t\t\t\t<div class=\"elementor-widget-container\">\n\t\t\t\t\t\t\t\t\t<p>THAI GARDEN RESORT\u00ae LUXUSDIENSTLEISTUNGEN<\/p>\t\t\t\t\t\t\t\t<\/div>\n\t\t\t\t<\/div>\n\t\t\t\t<div class=\"elementor-element elementor-element-4eea2f2 elementor-widget__width-initial elementor-widget-mobile__width-inherit elementor-widget elementor-widget-image\" data-id=\"4eea2f2\" data-element_type=\"widget\" data-e-type=\"widget\" data-widget_type=\"image.default\">\n\t\t\t\t<div class=\"elementor-widget-container\">\n\t\t\t\t\t\t\t\t\t\t\t\t\t\t\t<img fetchpriority=\"high\" decoding=\"async\" width=\"2560\" height=\"1704\" src=\"data:image\/gif;base64,R0lGODlhAQABAIAAAAAAAP\/\/\/yH5BAEAAAAALAAAAAABAAEAAAIBRAA7\" data-src=\"https:\/\/thaigarden.com\/wp-content\/uploads\/2024\/11\/pexels-lynxexotics-3764984-scaled.jpg\" class=\"attachment-full size-full wp-image-7906 lazyload\" alt=\"\" data-srcset=\"https:\/\/thaigarden.com\/wp-content\/uploads\/2024\/11\/pexels-lynxexotics-3764984-scaled.jpg 2560w, https:\/\/thaigarden.com\/wp-content\/uploads\/2024\/11\/pexels-lynxexotics-3764984-300x200.jpg 300w, https:\/\/thaigarden.com\/wp-content\/uploads\/2024\/11\/pexels-lynxexotics-3764984-1024x681.jpg 1024w, https:\/\/thaigarden.com\/wp-content\/uploads\/2024\/11\/pexels-lynxexotics-3764984-2000x1331.jpg 2000w, https:\/\/thaigarden.com\/wp-content\/uploads\/2024\/11\/pexels-lynxexotics-3764984-scaled-1536x1022.jpg 1536w, https:\/\/thaigarden.com\/wp-content\/uploads\/2024\/11\/pexels-lynxexotics-3764984-scaled-2048x1363.jpg 2048w, https:\/\/thaigarden.com\/wp-content\/uploads\/2024\/11\/pexels-lynxexotics-3764984-scaled-18x12.jpg 18w\" sizes=\"100vw\" \/><noscript><img decoding=\"async\" width=\"2560\" height=\"1704\" src=\"https:\/\/thaigarden.com\/wp-content\/uploads\/2024\/11\/pexels-lynxexotics-3764984-scaled.jpg\" class=\"attachment-full size-full wp-image-7906 lazyload\" alt=\"\" srcset=\"https:\/\/thaigarden.com\/wp-content\/uploads\/2024\/11\/pexels-lynxexotics-3764984-scaled.jpg 2560w, https:\/\/thaigarden.com\/wp-content\/uploads\/2024\/11\/pexels-lynxexotics-3764984-300x200.jpg 300w, https:\/\/thaigarden.com\/wp-content\/uploads\/2024\/11\/pexels-lynxexotics-3764984-1024x681.jpg 1024w, https:\/\/thaigarden.com\/wp-content\/uploads\/2024\/11\/pexels-lynxexotics-3764984-2000x1331.jpg 2000w, https:\/\/thaigarden.com\/wp-content\/uploads\/2024\/11\/pexels-lynxexotics-3764984-scaled-1536x1022.jpg 1536w, https:\/\/thaigarden.com\/wp-content\/uploads\/2024\/11\/pexels-lynxexotics-3764984-scaled-2048x1363.jpg 2048w, https:\/\/thaigarden.com\/wp-content\/uploads\/2024\/11\/pexels-lynxexotics-3764984-scaled-18x12.jpg 18w\" sizes=\"100vw\" \/><\/noscript>\t\t\t\t\t\t\t\t\t\t\t\t\t\t\t<\/div>\n\t\t\t\t<\/div>\n\t\t\t\t<div class=\"elementor-element elementor-element-7c36789 elementor-widget elementor-widget-spacer\" data-id=\"7c36789\" data-element_type=\"widget\" data-e-type=\"widget\" data-widget_type=\"spacer.default\">\n\t\t\t\t<div class=\"elementor-widget-container\">\n\t\t\t\t\t\t\t<div class=\"elementor-spacer\">\n\t\t\t<div class=\"elementor-spacer-inner\"><\/div>\n\t\t<\/div>\n\t\t\t\t\t\t<\/div>\n\t\t\t\t<\/div>\n\t\t\t\t<div class=\"elementor-element elementor-element-3cf2d5f elementor-widget elementor-widget-text-editor\" data-id=\"3cf2d5f\" data-element_type=\"widget\" data-e-type=\"widget\" data-widget_type=\"text-editor.default\">\n\t\t\t\t<div class=\"elementor-widget-container\">\n\t\t\t\t\t\t\t\t\t<p>Begonnen im Jahr 2025, f\u00fcr Sie gestaltet<\/p>\t\t\t\t\t\t\t\t<\/div>\n\t\t\t\t<\/div>\n\t\t\t\t<div class=\"elementor-element elementor-element-c7ca053 elementor-widget__width-initial elementor-widget-mobile__width-inherit elementor-widget elementor-widget-text-editor\" data-id=\"c7ca053\" data-element_type=\"widget\" data-e-type=\"widget\" data-widget_type=\"text-editor.default\">\n\t\t\t\t<div class=\"elementor-widget-container\">\n\t\t\t\t\t\t\t\t\t<p>Im Thai Garden Resort gestalten wir Erlebnisse, die \u00fcber das Gew\u00f6hnliche hinausgehen. Von privaten Yachtchartern und Rolls-Royce-Transfers bis hin zu exklusivem Golf-Concierge-Service \u2013 jedes Detail ist auf G\u00e4ste zugeschnitten, die raffinierte Verw\u00f6hnung suchen. Entdecken Sie eine Welt, in der Eleganz auf Leichtigkeit trifft \u2013 nur im ruhigen R\u00fcckzugsort der Raffinesse in Pattaya.<\/p>\t\t\t\t\t\t\t\t<\/div>\n\t\t\t\t<\/div>\n\t\t\t\t<div class=\"elementor-element elementor-element-efcc223 elementor-widget elementor-widget-spacer\" data-id=\"efcc223\" data-element_type=\"widget\" data-e-type=\"widget\" data-widget_type=\"spacer.default\">\n\t\t\t\t<div class=\"elementor-widget-container\">\n\t\t\t\t\t\t\t<div class=\"elementor-spacer\">\n\t\t\t<div class=\"elementor-spacer-inner\"><\/div>\n\t\t<\/div>\n\t\t\t\t\t\t<\/div>\n\t\t\t\t<\/div>\n\t\t\t\t\t<\/div>\n\t\t\t\t<\/div>\n\t\t<div class=\"elementor-element elementor-element-b066db8 e-con-full e-flex e-con e-parent\" data-id=\"b066db8\" data-element_type=\"container\" data-e-type=\"container\" data-settings=\"{&quot;background_background&quot;:&quot;gradient&quot;}\">\n\t\t<div class=\"elementor-element elementor-element-e240b3c e-con-full e-flex e-con e-child\" data-id=\"e240b3c\" data-element_type=\"container\" data-e-type=\"container\" data-settings=\"{&quot;background_background&quot;:&quot;gradient&quot;}\">\n\t\t<div class=\"elementor-element elementor-element-021e34a e-con-full e-flex e-con e-child\" data-id=\"021e34a\" data-element_type=\"container\" data-e-type=\"container\">\n\t\t\t\t<div class=\"elementor-element elementor-element-7b85653 elementor-widget elementor-widget-heading\" data-id=\"7b85653\" data-element_type=\"widget\" data-e-type=\"widget\" data-widget_type=\"heading.default\">\n\t\t\t\t<div class=\"elementor-widget-container\">\n\t\t\t\t\t<h2 class=\"elementor-heading-title elementor-size-default\">Exklusiver Golf-Concierge-Service<\/h2>\t\t\t\t<\/div>\n\t\t\t\t<\/div>\n\t\t\t\t<div class=\"elementor-element elementor-element-b0b8c59 elementor-widget elementor-widget-text-editor\" data-id=\"b0b8c59\" data-element_type=\"widget\" data-e-type=\"widget\" data-widget_type=\"text-editor.default\">\n\t\t\t\t<div class=\"elementor-widget-container\">\n\t\t\t\t\t\t\t\t\t<p>Genie\u00dfen Sie ein nahtloses Golferlebnis mit dem privaten Golfservice des Thai Garden Resorts. Wir bieten umfassenden Transport und Unterst\u00fctzung zu den besten Golfpl\u00e4tzen in Pattaya und garantieren Komfort, Bequemlichkeit und Stil vom Anfang bis zum Ende. Perfekt f\u00fcr Golfbegeisterte, die ihren Aufenthalt auf die n\u00e4chste Stufe heben m\u00f6chten.<\/p>\t\t\t\t\t\t\t\t<\/div>\n\t\t\t\t<\/div>\n\t\t\t\t<div class=\"elementor-element elementor-element-0ecd98f elementor-align-left elementor-widget__width-inherit elementor-widget-mobile__width-inherit elementor-widget elementor-widget-button\" data-id=\"0ecd98f\" data-element_type=\"widget\" data-e-type=\"widget\" data-widget_type=\"button.default\">\n\t\t\t\t<div class=\"elementor-widget-container\">\n\t\t\t\t\t\t\t\t\t<div class=\"elementor-button-wrapper\">\n\t\t\t\t\t<a class=\"elementor-button elementor-button-link elementor-size-sm\" href=\"https:\/\/thaigarden.com\/de\/contact-us\/\" target=\"_blank\">\n\t\t\t\t\t\t<span class=\"elementor-button-content-wrapper\">\n\t\t\t\t\t\t\t\t\t<span class=\"elementor-button-text\">Anfrage stellen<\/span>\n\t\t\t\t\t<\/span>\n\t\t\t\t\t<\/a>\n\t\t\t\t<\/div>\n\t\t\t\t\t\t\t\t<\/div>\n\t\t\t\t<\/div>\n\t\t\t\t<\/div>\n\t\t<div class=\"elementor-element elementor-element-ab7022c e-con-full e-flex e-con e-child\" data-id=\"ab7022c\" data-element_type=\"container\" data-e-type=\"container\">\n\t\t\t\t<div class=\"elementor-element elementor-element-77a046d elementor-widget elementor-widget-image\" data-id=\"77a046d\" data-element_type=\"widget\" data-e-type=\"widget\" data-widget_type=\"image.default\">\n\t\t\t\t<div class=\"elementor-widget-container\">\n\t\t\t\t\t\t\t\t\t\t\t\t\t\t\t<img decoding=\"async\" width=\"675\" height=\"1200\" src=\"data:image\/gif;base64,R0lGODlhAQABAIAAAAAAAP\/\/\/yH5BAEAAAAALAAAAAABAAEAAAIBRAA7\" data-src=\"https:\/\/thaigarden.com\/wp-content\/uploads\/2025\/05\/golf-club-activities-sport-thai-garden-resort-pattaya-thailand.jpg\" class=\"attachment-medium_large size-medium_large wp-image-14614 lazyload\" alt=\"Private golf service with transport from Thai Garden Resort to Pattaya golf courses\" data-srcset=\"https:\/\/thaigarden.com\/wp-content\/uploads\/2025\/05\/golf-club-activities-sport-thai-garden-resort-pattaya-thailand.jpg 675w, https:\/\/thaigarden.com\/wp-content\/uploads\/2025\/05\/golf-club-activities-sport-thai-garden-resort-pattaya-thailand-169x300.jpg 169w, https:\/\/thaigarden.com\/wp-content\/uploads\/2025\/05\/golf-club-activities-sport-thai-garden-resort-pattaya-thailand-576x1024.jpg 576w, https:\/\/thaigarden.com\/wp-content\/uploads\/2025\/05\/golf-club-activities-sport-thai-garden-resort-pattaya-thailand-7x12.jpg 7w\" sizes=\"100vw\" \/><noscript><img loading=\"lazy\" decoding=\"async\" width=\"675\" height=\"1200\" src=\"https:\/\/thaigarden.com\/wp-content\/uploads\/2025\/05\/golf-club-activities-sport-thai-garden-resort-pattaya-thailand.jpg\" class=\"attachment-medium_large size-medium_large wp-image-14614 lazyload\" alt=\"Private golf service with transport from Thai Garden Resort to Pattaya golf courses\" srcset=\"https:\/\/thaigarden.com\/wp-content\/uploads\/2025\/05\/golf-club-activities-sport-thai-garden-resort-pattaya-thailand.jpg 675w, https:\/\/thaigarden.com\/wp-content\/uploads\/2025\/05\/golf-club-activities-sport-thai-garden-resort-pattaya-thailand-169x300.jpg 169w, https:\/\/thaigarden.com\/wp-content\/uploads\/2025\/05\/golf-club-activities-sport-thai-garden-resort-pattaya-thailand-576x1024.jpg 576w, https:\/\/thaigarden.com\/wp-content\/uploads\/2025\/05\/golf-club-activities-sport-thai-garden-resort-pattaya-thailand-7x12.jpg 7w\" sizes=\"100vw\" \/><\/noscript>\t\t\t\t\t\t\t\t\t\t\t\t\t\t\t<\/div>\n\t\t\t\t<\/div>\n\t\t\t\t<\/div>\n\t\t\t\t<\/div>\n\t\t\t\t<\/div>\n\t\t<div class=\"elementor-element elementor-element-1fc94de e-con-full e-flex e-con e-parent\" data-id=\"1fc94de\" data-element_type=\"container\" data-e-type=\"container\" data-settings=\"{&quot;background_background&quot;:&quot;classic&quot;}\">\n\t\t<div class=\"elementor-element elementor-element-f5777b5 e-flex e-con-boxed e-con e-child\" data-id=\"f5777b5\" data-element_type=\"container\" data-e-type=\"container\" data-settings=\"{&quot;background_background&quot;:&quot;gradient&quot;}\">\n\t\t\t\t\t<div class=\"e-con-inner\">\n\t\t<div class=\"elementor-element elementor-element-b8bdda1 e-con-full e-flex e-con e-child\" data-id=\"b8bdda1\" data-element_type=\"container\" data-e-type=\"container\">\n\t\t\t\t<div class=\"elementor-element elementor-element-d57d9df elementor-widget elementor-widget-spacer\" data-id=\"d57d9df\" data-element_type=\"widget\" data-e-type=\"widget\" data-widget_type=\"spacer.default\">\n\t\t\t\t<div class=\"elementor-widget-container\">\n\t\t\t\t\t\t\t<div class=\"elementor-spacer\">\n\t\t\t<div class=\"elementor-spacer-inner\"><\/div>\n\t\t<\/div>\n\t\t\t\t\t\t<\/div>\n\t\t\t\t<\/div>\n\t\t\t\t<div class=\"elementor-element elementor-element-54a0e6a elementor-widget-mobile__width-inherit elementor-hidden-desktop elementor-hidden-tablet elementor-widget elementor-widget-image\" data-id=\"54a0e6a\" data-element_type=\"widget\" data-e-type=\"widget\" data-widget_type=\"image.default\">\n\t\t\t\t<div class=\"elementor-widget-container\">\n\t\t\t\t\t\t\t\t\t\t\t\t\t\t\t<img loading=\"lazy\" decoding=\"async\" width=\"800\" height=\"532\" src=\"data:image\/gif;base64,R0lGODlhAQABAIAAAAAAAP\/\/\/yH5BAEAAAAALAAAAAABAAEAAAIBRAA7\" data-src=\"https:\/\/thaigarden.com\/wp-content\/uploads\/2024\/11\/pexels-lynxexotics-3764986.jpg\" class=\"attachment-large size-large wp-image-10608 lazyload\" alt=\"\" data-srcset=\"https:\/\/thaigarden.com\/wp-content\/uploads\/2024\/11\/pexels-lynxexotics-3764986.jpg 800w, https:\/\/thaigarden.com\/wp-content\/uploads\/2024\/11\/pexels-lynxexotics-3764986-300x200.jpg 300w, https:\/\/thaigarden.com\/wp-content\/uploads\/2024\/11\/pexels-lynxexotics-3764986-18x12.jpg 18w\" sizes=\"100vw\" \/><noscript><img loading=\"lazy\" decoding=\"async\" width=\"800\" height=\"532\" src=\"https:\/\/thaigarden.com\/wp-content\/uploads\/2024\/11\/pexels-lynxexotics-3764986.jpg\" class=\"attachment-large size-large wp-image-10608 lazyload\" alt=\"\" srcset=\"https:\/\/thaigarden.com\/wp-content\/uploads\/2024\/11\/pexels-lynxexotics-3764986.jpg 800w, https:\/\/thaigarden.com\/wp-content\/uploads\/2024\/11\/pexels-lynxexotics-3764986-300x200.jpg 300w, https:\/\/thaigarden.com\/wp-content\/uploads\/2024\/11\/pexels-lynxexotics-3764986-18x12.jpg 18w\" sizes=\"100vw\" \/><\/noscript>\t\t\t\t\t\t\t\t\t\t\t\t\t\t\t<\/div>\n\t\t\t\t<\/div>\n\t\t\t\t<div class=\"elementor-element elementor-element-0bacc57 elementor-widget-mobile__width-inherit elementor-widget elementor-widget-text-editor\" data-id=\"0bacc57\" data-element_type=\"widget\" data-e-type=\"widget\" data-widget_type=\"text-editor.default\">\n\t\t\t\t<div class=\"elementor-widget-container\">\n\t\t\t\t\t\t\t\t\t<p>Rolls Royce Phantom<\/p>\t\t\t\t\t\t\t\t<\/div>\n\t\t\t\t<\/div>\n\t\t\t\t<div class=\"elementor-element elementor-element-61eae20 elementor-widget elementor-widget-text-editor\" data-id=\"61eae20\" data-element_type=\"widget\" data-e-type=\"widget\" data-widget_type=\"text-editor.default\">\n\t\t\t\t<div class=\"elementor-widget-container\">\n\t\t\t\t\t\t\t\t\tKommen Sie stilvoll an mit unserem exklusiven Rolls-Royce Phantom, wo Luxus auf Raffinesse trifft. Perfekt gestaltet f\u00fcr diejenigen, die das Beste im Leben sch\u00e4tzen, sorgt dieses ikonische Fahrzeug f\u00fcr eine sanfte, opulente Fahrt von Anfang bis Ende. Erleben Sie den ultimativen Komfort und Prestige \u2013 nur im Thai Garden Resort.\t\t\t\t\t\t\t\t<\/div>\n\t\t\t\t<\/div>\n\t\t\t\t<div class=\"elementor-element elementor-element-5c593db elementor-align-left elementor-widget__width-inherit elementor-widget-mobile__width-inherit elementor-widget elementor-widget-button\" data-id=\"5c593db\" data-element_type=\"widget\" data-e-type=\"widget\" data-widget_type=\"button.default\">\n\t\t\t\t<div class=\"elementor-widget-container\">\n\t\t\t\t\t\t\t\t\t<div class=\"elementor-button-wrapper\">\n\t\t\t\t\t<a class=\"elementor-button elementor-button-link elementor-size-sm\" href=\"https:\/\/thaigarden.com\/de\/contact-us\/\" target=\"_blank\">\n\t\t\t\t\t\t<span class=\"elementor-button-content-wrapper\">\n\t\t\t\t\t\t\t\t\t<span class=\"elementor-button-text\">Verf\u00fcgbarkeit pr\u00fcfen<\/span>\n\t\t\t\t\t<\/span>\n\t\t\t\t\t<\/a>\n\t\t\t\t<\/div>\n\t\t\t\t\t\t\t\t<\/div>\n\t\t\t\t<\/div>\n\t\t\t\t<\/div>\n\t\t<div class=\"elementor-element elementor-element-fcc76d6 e-con-full e-flex e-con e-child\" data-id=\"fcc76d6\" data-element_type=\"container\" data-e-type=\"container\">\n\t\t\t\t<div class=\"elementor-element elementor-element-6f19657 elementor-hidden-mobile elementor-widget elementor-widget-image\" data-id=\"6f19657\" data-element_type=\"widget\" data-e-type=\"widget\" data-widget_type=\"image.default\">\n\t\t\t\t<div class=\"elementor-widget-container\">\n\t\t\t\t\t\t\t\t\t\t\t\t\t\t\t<img loading=\"lazy\" decoding=\"async\" width=\"800\" height=\"532\" src=\"data:image\/gif;base64,R0lGODlhAQABAIAAAAAAAP\/\/\/yH5BAEAAAAALAAAAAABAAEAAAIBRAA7\" data-src=\"https:\/\/thaigarden.com\/wp-content\/uploads\/2024\/11\/pexels-lynxexotics-3764986.jpg\" class=\"attachment-large size-large wp-image-10608 lazyload\" alt=\"\" data-srcset=\"https:\/\/thaigarden.com\/wp-content\/uploads\/2024\/11\/pexels-lynxexotics-3764986.jpg 800w, https:\/\/thaigarden.com\/wp-content\/uploads\/2024\/11\/pexels-lynxexotics-3764986-300x200.jpg 300w, https:\/\/thaigarden.com\/wp-content\/uploads\/2024\/11\/pexels-lynxexotics-3764986-18x12.jpg 18w\" sizes=\"100vw\" \/><noscript><img loading=\"lazy\" decoding=\"async\" width=\"800\" height=\"532\" src=\"https:\/\/thaigarden.com\/wp-content\/uploads\/2024\/11\/pexels-lynxexotics-3764986.jpg\" class=\"attachment-large size-large wp-image-10608 lazyload\" alt=\"\" srcset=\"https:\/\/thaigarden.com\/wp-content\/uploads\/2024\/11\/pexels-lynxexotics-3764986.jpg 800w, https:\/\/thaigarden.com\/wp-content\/uploads\/2024\/11\/pexels-lynxexotics-3764986-300x200.jpg 300w, https:\/\/thaigarden.com\/wp-content\/uploads\/2024\/11\/pexels-lynxexotics-3764986-18x12.jpg 18w\" sizes=\"100vw\" \/><\/noscript>\t\t\t\t\t\t\t\t\t\t\t\t\t\t\t<\/div>\n\t\t\t\t<\/div>\n\t\t\t\t<\/div>\n\t\t\t\t\t<\/div>\n\t\t\t\t<\/div>\n\t\t\t\t<\/div>\n\t\t<div class=\"elementor-element elementor-element-76e5372 e-flex e-con-boxed e-con e-parent\" data-id=\"76e5372\" data-element_type=\"container\" data-e-type=\"container\" data-settings=\"{&quot;background_background&quot;:&quot;classic&quot;}\">\n\t\t\t\t\t<div class=\"e-con-inner\">\n\t\t<div class=\"elementor-element elementor-element-a1405ba e-con-full e-flex e-con e-child\" data-id=\"a1405ba\" data-element_type=\"container\" data-e-type=\"container\" data-settings=\"{&quot;background_background&quot;:&quot;classic&quot;}\">\n\t\t<div class=\"elementor-element elementor-element-420e0f2 e-con-full e-flex e-con e-child\" data-id=\"420e0f2\" data-element_type=\"container\" data-e-type=\"container\">\n\t\t\t\t<div class=\"elementor-element elementor-element-8e123c8 elementor-widget-mobile__width-inherit elementor-widget elementor-widget-image\" data-id=\"8e123c8\" data-element_type=\"widget\" data-e-type=\"widget\" data-widget_type=\"image.default\">\n\t\t\t\t<div class=\"elementor-widget-container\">\n\t\t\t\t\t\t\t\t\t\t\t\t\t\t\t<img loading=\"lazy\" decoding=\"async\" width=\"950\" height=\"635\" src=\"data:image\/gif;base64,R0lGODlhAQABAIAAAAAAAP\/\/\/yH5BAEAAAAALAAAAAABAAEAAAIBRAA7\" data-src=\"https:\/\/thaigarden.com\/wp-content\/uploads\/2024\/11\/pexels-pixabay-163236-1024x685.jpg\" class=\"attachment-large size-large wp-image-7950 lazyload\" alt=\"\" data-srcset=\"https:\/\/thaigarden.com\/wp-content\/uploads\/2024\/11\/pexels-pixabay-163236-1024x685.jpg 1024w, https:\/\/thaigarden.com\/wp-content\/uploads\/2024\/11\/pexels-pixabay-163236-300x201.jpg 300w, https:\/\/thaigarden.com\/wp-content\/uploads\/2024\/11\/pexels-pixabay-163236-2000x1339.jpg 2000w, https:\/\/thaigarden.com\/wp-content\/uploads\/2024\/11\/pexels-pixabay-163236-scaled-1536x1028.jpg 1536w, https:\/\/thaigarden.com\/wp-content\/uploads\/2024\/11\/pexels-pixabay-163236-scaled-2048x1371.jpg 2048w, https:\/\/thaigarden.com\/wp-content\/uploads\/2024\/11\/pexels-pixabay-163236-scaled-18x12.jpg 18w\" sizes=\"100vw\" \/><noscript><img loading=\"lazy\" decoding=\"async\" width=\"950\" height=\"635\" src=\"https:\/\/thaigarden.com\/wp-content\/uploads\/2024\/11\/pexels-pixabay-163236-1024x685.jpg\" class=\"attachment-large size-large wp-image-7950 lazyload\" alt=\"\" srcset=\"https:\/\/thaigarden.com\/wp-content\/uploads\/2024\/11\/pexels-pixabay-163236-1024x685.jpg 1024w, https:\/\/thaigarden.com\/wp-content\/uploads\/2024\/11\/pexels-pixabay-163236-300x201.jpg 300w, https:\/\/thaigarden.com\/wp-content\/uploads\/2024\/11\/pexels-pixabay-163236-2000x1339.jpg 2000w, https:\/\/thaigarden.com\/wp-content\/uploads\/2024\/11\/pexels-pixabay-163236-scaled-1536x1028.jpg 1536w, https:\/\/thaigarden.com\/wp-content\/uploads\/2024\/11\/pexels-pixabay-163236-scaled-2048x1371.jpg 2048w, https:\/\/thaigarden.com\/wp-content\/uploads\/2024\/11\/pexels-pixabay-163236-scaled-18x12.jpg 18w\" sizes=\"100vw\" \/><\/noscript>\t\t\t\t\t\t\t\t\t\t\t\t\t\t\t<\/div>\n\t\t\t\t<\/div>\n\t\t\t\t<\/div>\n\t\t<div class=\"elementor-element elementor-element-ec4cee3 e-con-full e-flex e-con e-child\" data-id=\"ec4cee3\" data-element_type=\"container\" data-e-type=\"container\">\n\t\t\t\t<div class=\"elementor-element elementor-element-c0f292c elementor-widget elementor-widget-spacer\" data-id=\"c0f292c\" data-element_type=\"widget\" data-e-type=\"widget\" data-widget_type=\"spacer.default\">\n\t\t\t\t<div class=\"elementor-widget-container\">\n\t\t\t\t\t\t\t<div class=\"elementor-spacer\">\n\t\t\t<div class=\"elementor-spacer-inner\"><\/div>\n\t\t<\/div>\n\t\t\t\t\t\t<\/div>\n\t\t\t\t<\/div>\n\t\t\t\t<div class=\"elementor-element elementor-element-d51c49e elementor-widget elementor-widget-text-editor\" data-id=\"d51c49e\" data-element_type=\"widget\" data-e-type=\"widget\" data-widget_type=\"text-editor.default\">\n\t\t\t\t<div class=\"elementor-widget-container\">\n\t\t\t\t\t\t\t\t\t<p>Princess 72 Yacht<\/p>\t\t\t\t\t\t\t\t<\/div>\n\t\t\t\t<\/div>\n\t\t\t\t<div class=\"elementor-element elementor-element-2685e46 elementor-widget-mobile__width-inherit elementor-widget elementor-widget-text-editor\" data-id=\"2685e46\" data-element_type=\"widget\" data-e-type=\"widget\" data-widget_type=\"text-editor.default\">\n\t\t\t\t<div class=\"elementor-widget-container\">\n\t\t\t\t\t\t\t\t\t<p>Setzen Sie die Segel auf eine Reise voller Eleganz mit unseren exklusiven Yacht-Kreuzfahrten rund um die thail\u00e4ndischen Inseln. Vom kristallklaren Wasser bis zu den beeindruckenden K\u00fcstenansichten ist jeder Moment an Bord ein Genuss. Mit luxuri\u00f6sen Annehmlichkeiten und personalisiertem Service bietet Ihre private Yachterfahrung eine unvergessliche M\u00f6glichkeit, Thailands Sch\u00f6nheit stilvoll zu erkunden.<\/p>\t\t\t\t\t\t\t\t<\/div>\n\t\t\t\t<\/div>\n\t\t\t\t<div class=\"elementor-element elementor-element-3684846 elementor-align-left elementor-widget__width-inherit elementor-widget-mobile__width-inherit elementor-widget elementor-widget-button\" data-id=\"3684846\" data-element_type=\"widget\" data-e-type=\"widget\" data-widget_type=\"button.default\">\n\t\t\t\t<div class=\"elementor-widget-container\">\n\t\t\t\t\t\t\t\t\t<div class=\"elementor-button-wrapper\">\n\t\t\t\t\t<a class=\"elementor-button elementor-button-link elementor-size-sm\" href=\"https:\/\/thaigarden.com\/de\/contact-us\/\" target=\"_blank\">\n\t\t\t\t\t\t<span class=\"elementor-button-content-wrapper\">\n\t\t\t\t\t\t\t\t\t<span class=\"elementor-button-text\">Verf\u00fcgbarkeit pr\u00fcfen<\/span>\n\t\t\t\t\t<\/span>\n\t\t\t\t\t<\/a>\n\t\t\t\t<\/div>\n\t\t\t\t\t\t\t\t<\/div>\n\t\t\t\t<\/div>\n\t\t\t\t<\/div>\n\t\t\t\t<\/div>\n\t\t\t\t\t<\/div>\n\t\t\t\t<\/div>\n\t\t<div class=\"elementor-element elementor-element-c9222fd e-flex e-con-boxed e-con e-parent\" data-id=\"c9222fd\" data-element_type=\"container\" data-e-type=\"container\">\n\t\t\t\t\t<div class=\"e-con-inner\">\n\t\t\t\t<div class=\"elementor-element elementor-element-3cb8609 elementor-widget-divider--view-line elementor-widget elementor-widget-divider\" data-id=\"3cb8609\" data-element_type=\"widget\" data-e-type=\"widget\" data-widget_type=\"divider.default\">\n\t\t\t\t<div class=\"elementor-widget-container\">\n\t\t\t\t\t\t\t<div class=\"elementor-divider\">\n\t\t\t<span class=\"elementor-divider-separator\">\n\t\t\t\t\t\t<\/span>\n\t\t<\/div>\n\t\t\t\t\t\t<\/div>\n\t\t\t\t<\/div>\n\t\t\t\t<div class=\"elementor-element elementor-element-829c673 elementor-widget__width-initial elementor-widget-mobile__width-initial elementor-widget elementor-widget-text-editor\" data-id=\"829c673\" data-element_type=\"widget\" data-e-type=\"widget\" data-widget_type=\"text-editor.default\">\n\t\t\t\t<div class=\"elementor-widget-container\">\n\t\t\t\t\t\t\t\t\t<p>Genie\u00dfen Sie unvergleichlichen Luxus \u2013 wo jede Reise ein Meisterwerk ist.<\/p>\t\t\t\t\t\t\t\t<\/div>\n\t\t\t\t<\/div>\n\t\t\t\t\t<\/div>\n\t\t\t\t<\/div>\n\t\t\t\t<\/div>","protected":false},"excerpt":{"rendered":"<p>Rolls-Royce, Yacht &amp; Golf Experiences THAI GARDEN RESORT\u00ae LUXURY SERVICES Begun in 2025, Crafted for You At Thai Garden Resort, we curate experiences that go beyond the ordinary. From private yacht charters and Rolls-Royce transfers to exclusive golf concierge service, every detail is tailored for guests who seek refined indulgence. Discover a world where elegance &hellip; <\/p>\n<p class=\"link-more\"><a href=\"https:\/\/thaigarden.com\/de\/exclusive-luxury-services\/\" class=\"more-link\">Mehr <span class=\"screen-reader-text\">\u00fcber &#8220;Exclusive Services&#8221; <\/span>Lesen<\/a><\/p>","protected":false},"author":1,"featured_media":0,"parent":0,"menu_order":19,"comment_status":"closed","ping_status":"closed","template":"elementor_header_footer","meta":{"footnotes":""},"class_list":["post-7896","page","type-page","status-publish","hentry"],"_links":{"self":[{"href":"https:\/\/thaigarden.com\/de\/wp-json\/wp\/v2\/pages\/7896","targetHints":{"allow":["GET"]}}],"collection":[{"href":"https:\/\/thaigarden.com\/de\/wp-json\/wp\/v2\/pages"}],"about":[{"href":"https:\/\/thaigarden.com\/de\/wp-json\/wp\/v2\/types\/page"}],"author":[{"embeddable":true,"href":"https:\/\/thaigarden.com\/de\/wp-json\/wp\/v2\/users\/1"}],"replies":[{"embeddable":true,"href":"https:\/\/thaigarden.com\/de\/wp-json\/wp\/v2\/comments?post=7896"}],"version-history":[{"count":0,"href":"https:\/\/thaigarden.com\/de\/wp-json\/wp\/v2\/pages\/7896\/revisions"}],"wp:attachment":[{"href":"https:\/\/thaigarden.com\/de\/wp-json\/wp\/v2\/media?parent=7896"}],"curies":[{"name":"wp","href":"https:\/\/api.w.org\/{rel}","templated":true}]}}