{"id":7518,"date":"2024-11-13T08:06:29","date_gmt":"2024-11-13T08:06:29","guid":{"rendered":"https:\/\/thaigarden.com\/?page_id=7518"},"modified":"2025-05-13T21:32:53","modified_gmt":"2025-05-13T14:32:53","slug":"accessibility-policy","status":"publish","type":"page","link":"https:\/\/thaigarden.com\/es\/accessibility-policy\/","title":{"rendered":"Pol\u00edtica de accesibilidad"},"content":{"rendered":"<div data-elementor-type=\"wp-page\" data-elementor-id=\"7518\" class=\"elementor elementor-7518\">\n\t\t\t\t<div class=\"elementor-element elementor-element-83facd8 e-flex e-con-boxed e-con e-parent\" data-id=\"83facd8\" data-element_type=\"container\" data-e-type=\"container\">\n\t\t\t\t\t<div class=\"e-con-inner\">\n\t\t<div class=\"elementor-element elementor-element-e87bdff e-con-full e-flex e-con e-child\" data-id=\"e87bdff\" data-element_type=\"container\" data-e-type=\"container\">\n\t\t\t\t<div class=\"elementor-element elementor-element-6536ea3 elementor-widget-mobile__width-inherit elementor-widget elementor-widget-text-editor\" data-id=\"6536ea3\" data-element_type=\"widget\" data-e-type=\"widget\" data-widget_type=\"text-editor.default\">\n\t\t\t\t<div class=\"elementor-widget-container\">\n\t\t\t\t\t\t\t\t\t<p>POL\u00cdTICA DE ACCESIBILIDAD DEL THAI GARDEN RESORT<\/p>\t\t\t\t\t\t\t\t<\/div>\n\t\t\t\t<\/div>\n\t\t\t\t<\/div>\n\t\t\t\t<div class=\"elementor-element elementor-element-a558c40 elementor-widget elementor-widget-text-editor\" data-id=\"a558c40\" data-element_type=\"widget\" data-e-type=\"widget\" data-widget_type=\"text-editor.default\">\n\t\t\t\t<div class=\"elementor-widget-container\">\n\t\t\t\t\t\t\t\t\t<p><strong>Enlaces sugeridos:<\/strong><\/p><p><a style=\"font-size: 13px;\" href=\"https:\/\/thaigarden.com\/es\/privacy-policy\/\" target=\"_blank\" rel=\"noopener\">Pol\u00edtica de privacidad<\/a>\uff5c<a style=\"font-size: 13px;\" href=\"https:\/\/thaigarden.com\/es\/legal-notice\/\" target=\"_blank\" rel=\"noopener\">Aviso legal<\/a>\uff5c<a style=\"font-size: 13px;\" href=\"https:\/\/thaigarden.com\/es\/cookie-policy\/\" target=\"_blank\" rel=\"noopener\">Aviso sobre cookies<\/a><\/p>\t\t\t\t\t\t\t\t<\/div>\n\t\t\t\t<\/div>\n\t\t\t\t<div class=\"elementor-element elementor-element-d73284b elementor-widget elementor-widget-text-editor\" data-id=\"d73284b\" data-element_type=\"widget\" data-e-type=\"widget\" data-widget_type=\"text-editor.default\">\n\t\t\t\t<div class=\"elementor-widget-container\">\n\t\t\t\t\t\t\t\t\t<h4><strong>Compromiso con la accesibilidad<\/strong><\/h4><p>En Thai Garden Resort, nos comprometemos a proporcionar un entorno acogedor y accesible para todos nuestros hu\u00e9spedes, incluidos aquellos con discapacidades. Creemos en la dignidad y la independencia de todas las personas y nos esforzamos por garantizar la igualdad de acceso a nuestras instalaciones, servicios y oportunidades de empleo. Nuestro objetivo es prevenir y eliminar las barreras a la accesibilidad siempre que sea posible, y proporcionar adaptaciones que permitan a todos los hu\u00e9spedes y empleados participar plenamente en las experiencias que ofrecemos.<\/p><p>Esta pol\u00edtica resume nuestro compromiso de mejorar la accesibilidad en Thai Garden Resort y garantizar que todas las personas, independientemente de sus capacidades, puedan disfrutar de una experiencia c\u00f3moda e integradora.<\/p><h4><strong>Disposiciones generales<\/strong><\/h4><p><strong>Plan de accesibilidad<\/strong><br \/>Thai Garden Resort mantendr\u00e1 un Plan de Accesibilidad que describa nuestras estrategias para mejorar la accesibilidad y eliminar las barreras para los hu\u00e9spedes y el personal con discapacidades. El plan se revisar\u00e1 peri\u00f3dicamente y se actualizar\u00e1 cuando sea necesario. Estar\u00e1 disponible en nuestro sitio web y en formatos alternativos previa solicitud.<\/p><p><strong>Formaci\u00f3n<\/strong><br \/>Nos aseguramos de que todos los miembros del personal, especialmente los que interact\u00faan con los hu\u00e9spedes o participan en la toma de decisiones, reciban formaci\u00f3n sobre las necesidades de las personas con discapacidad. Esta formaci\u00f3n incluye informaci\u00f3n sobre c\u00f3mo ofrecer un servicio excelente a los hu\u00e9spedes con discapacidad y c\u00f3mo adaptarse a sus necesidades de forma respetuosa y \u00fatil. Tambi\u00e9n actualizaremos peri\u00f3dicamente el programa de formaci\u00f3n para reflejar cualquier cambio en nuestras pr\u00e1cticas de accesibilidad.<\/p><h4><strong>Informaci\u00f3n y Comunicaci\u00f3n<\/strong><\/h4><p><strong>Comunicaci\u00f3n accesible<\/strong><br \/>En Thai Garden Resort, nos comprometemos a satisfacer las necesidades de comunicaci\u00f3n de los hu\u00e9spedes con discapacidad. Consultaremos a las personas con discapacidad para asegurarnos de que les proporcionamos informaci\u00f3n en formatos accesibles para ellos, como letra grande, Braille o formatos electr\u00f3nicos. Tambi\u00e9n nos comprometemos a proporcionar informaci\u00f3n de emergencia accesible a los hu\u00e9spedes que lo soliciten.<\/p><p><strong>Sitios web y contenidos digitales accesibles<\/strong><br \/>Nos aseguramos de que nuestro sitio web y nuestros contenidos digitales sean accesibles para todos los usuarios, siguiendo las normas internacionales de accesibilidad web (WCAG 2.0, Nivel AA). Trabajamos continuamente para mejorar la accesibilidad de nuestro sitio web y facilitar a todo el mundo el acceso a la informaci\u00f3n sobre nuestro complejo, nuestros servicios y nuestras instalaciones.<\/p><p><strong>Comentarios<\/strong><br \/>Valoramos las opiniones de todos los hu\u00e9spedes y animamos a las personas con discapacidad a que compartan sus experiencias con nosotros. Nuestro proceso de comentarios est\u00e1 dise\u00f1ado para ser accesible, y proporcionaremos formatos accesibles y soportes de comunicaci\u00f3n previa solicitud.<\/p><h4><strong>Pr\u00e1cticas de empleo y alojamiento<\/strong><\/h4><p><strong>Reclutamiento y contrataci\u00f3n<\/strong><br \/>Thai Garden Resort promueve la igualdad de oportunidades laborales para todas las personas, incluidas aquellas con discapacidad. Haremos adaptaciones durante el proceso de selecci\u00f3n para los candidatos con discapacidades y nos aseguraremos de que los solicitantes de empleo est\u00e9n informados sobre nuestras pol\u00edticas de accesibilidad. Si un candidato necesita adaptaciones durante el proceso de selecci\u00f3n, trabajaremos con \u00e9l para organizar el apoyo adecuado.<\/p><p><strong>Apoyo y comunicaci\u00f3n con los empleados<\/strong><br \/>Prestamos apoyo a los empleados con discapacidad para garantizar que disponen de las herramientas y recursos necesarios para desempe\u00f1ar sus funciones. Esto incluye ofrecer formatos accesibles y soportes de comunicaci\u00f3n cuando sea necesario. Informaremos a todos los empleados sobre las adaptaciones que tienen a su disposici\u00f3n y nos aseguraremos de que los nuevos empleados conozcan nuestras pol\u00edticas de accesibilidad en cuanto se incorporen al equipo.<\/p><p><strong>Informaci\u00f3n sobre respuesta a emergencias<\/strong><br \/>Proporcionaremos informaci\u00f3n individualizada de respuesta a emergencias a los empleados con discapacidades, si es necesario, para garantizar su seguridad en caso de emergencia. Si un empleado necesita ayuda durante una emergencia, trabajaremos con \u00e9l para designar a un compa\u00f1ero que le preste apoyo.<\/p><p><strong>Proceso de reincorporaci\u00f3n al trabajo<\/strong><br \/>Para los empleados que se reincorporan al trabajo despu\u00e9s de una ausencia relacionada con una discapacidad, Thai Garden Resort cuenta con un proceso documentado para proporcionar adaptaciones que apoyen su reintegraci\u00f3n en el lugar de trabajo. Esto incluye el desarrollo de un plan de adaptaci\u00f3n individual en consulta con el empleado.<\/p><p><strong>Gesti\u00f3n del rendimiento y desarrollo profesional<\/strong><br \/>A la hora de realizar evaluaciones de rendimiento, desarrollo profesional o considerar ascensos, Thai Garden Resort tendr\u00e1 en cuenta las necesidades de accesibilidad de los empleados con discapacidad. Nos comprometemos a ofrecer igualdad de oportunidades para el crecimiento y la promoci\u00f3n profesional a todos los empleados, con los ajustes razonables que sean necesarios.<\/p><h4><strong>Instalaciones accesibles<\/strong><\/h4><p>Nos comprometemos a garantizar que todas nuestras instalaciones sean accesibles para todos los hu\u00e9spedes, incluidos los discapacitados. Thai Garden Resort ofrece:<\/p><ul><li>Plazas de aparcamiento accesibles situadas cerca de las entradas del hotel<\/li><li>Habitaciones accesibles en silla de ruedas con las comodidades necesarias<\/li><li>Aseos e instalaciones p\u00fablicas accesibles<\/li><li>F\u00e1cil acceso a zonas comunes, comedores y espacios recreativos<\/li><\/ul><p>Nuestro objetivo es garantizar que todos los hu\u00e9spedes puedan disfrutar de una estancia c\u00f3moda y accesible.<\/p><h4><strong>Informaci\u00f3n de contacto<\/strong><\/h4><p>Para obtener m\u00e1s informaci\u00f3n o solicitar adaptaciones, p\u00f3ngase en contacto con nuestro <strong>Equipo de atenci\u00f3n al cliente<\/strong>:<\/p><p><strong>Thai Garden Resort<\/strong><br \/>Tel\u00e9fono: <a href=\"tel:+6638370614\"><span class=\"elementor-icon-list-text\">+66 38 370 614<\/span><\/a><br \/>Correo electr\u00f3nico: guestservices@thaigarden.com<\/p><p>Estamos aqu\u00ed para garantizar que todos los hu\u00e9spedes tengan una experiencia excepcional y accesible en Thai Garden Resort.<\/p>\t\t\t\t\t\t\t\t<\/div>\n\t\t\t\t<\/div>\n\t\t\t\t<div class=\"elementor-element elementor-element-c3fa8f0 elementor-widget elementor-widget-spacer\" data-id=\"c3fa8f0\" data-element_type=\"widget\" data-e-type=\"widget\" data-widget_type=\"spacer.default\">\n\t\t\t\t<div class=\"elementor-widget-container\">\n\t\t\t\t\t\t\t<div class=\"elementor-spacer\">\n\t\t\t<div class=\"elementor-spacer-inner\"><\/div>\n\t\t<\/div>\n\t\t\t\t\t\t<\/div>\n\t\t\t\t<\/div>\n\t\t\t\t\t<\/div>\n\t\t\t\t<\/div>\n\t\t<div class=\"elementor-element elementor-element-e6723b1 e-con-full e-flex e-con e-parent\" data-id=\"e6723b1\" data-element_type=\"container\" data-e-type=\"container\">\n\t\t\t\t<div class=\"elementor-element elementor-element-1954f08 elementor-widget__width-inherit elementor-widget-divider--view-line elementor-widget elementor-widget-divider\" data-id=\"1954f08\" data-element_type=\"widget\" data-e-type=\"widget\" data-widget_type=\"divider.default\">\n\t\t\t\t<div class=\"elementor-widget-container\">\n\t\t\t\t\t\t\t<div class=\"elementor-divider\">\n\t\t\t<span class=\"elementor-divider-separator\">\n\t\t\t\t\t\t<\/span>\n\t\t<\/div>\n\t\t\t\t\t\t<\/div>\n\t\t\t\t<\/div>\n\t\t\t\t<\/div>\n\t\t\t\t<\/div>","protected":false},"excerpt":{"rendered":"<p>THAI GARDEN RESORT ACCESSIBILITY POLICY Suggested Links: Privacy Policy\uff5cLegal Notice\uff5cCookie Notice Commitment to Accessibility At Thai Garden Resort, we are committed to providing a welcoming, accessible environment for all of our guests, including those with disabilities. We believe in the dignity and independence of all individuals and strive to ensure equal access to our facilities, &hellip; <\/p>\n<p class=\"link-more\"><a href=\"https:\/\/thaigarden.com\/es\/accessibility-policy\/\" class=\"more-link\">Leer m\u00e1s<span class=\"screen-reader-text\"> \u00abAccessibility Policy\u00bb<\/span><\/a><\/p>","protected":false},"author":1,"featured_media":0,"parent":0,"menu_order":18,"comment_status":"closed","ping_status":"closed","template":"","meta":{"footnotes":""},"class_list":["post-7518","page","type-page","status-publish","hentry"],"_links":{"self":[{"href":"https:\/\/thaigarden.com\/es\/wp-json\/wp\/v2\/pages\/7518","targetHints":{"allow":["GET"]}}],"collection":[{"href":"https:\/\/thaigarden.com\/es\/wp-json\/wp\/v2\/pages"}],"about":[{"href":"https:\/\/thaigarden.com\/es\/wp-json\/wp\/v2\/types\/page"}],"author":[{"embeddable":true,"href":"https:\/\/thaigarden.com\/es\/wp-json\/wp\/v2\/users\/1"}],"replies":[{"embeddable":true,"href":"https:\/\/thaigarden.com\/es\/wp-json\/wp\/v2\/comments?post=7518"}],"version-history":[{"count":0,"href":"https:\/\/thaigarden.com\/es\/wp-json\/wp\/v2\/pages\/7518\/revisions"}],"wp:attachment":[{"href":"https:\/\/thaigarden.com\/es\/wp-json\/wp\/v2\/media?parent=7518"}],"curies":[{"name":"wp","href":"https:\/\/api.w.org\/{rel}","templated":true}]}}