{"id":7896,"date":"2024-11-14T07:48:29","date_gmt":"2024-11-14T07:48:29","guid":{"rendered":"https:\/\/thaigarden.com\/?page_id=7896"},"modified":"2025-05-05T17:30:51","modified_gmt":"2025-05-05T10:30:51","slug":"exclusive-luxury-services","status":"publish","type":"page","link":"https:\/\/thaigarden.com\/es\/exclusive-luxury-services\/","title":{"rendered":"Servicios Exclusivos"},"content":{"rendered":"<div data-elementor-type=\"wp-page\" data-elementor-id=\"7896\" class=\"elementor elementor-7896\">\n\t\t\t\t<div class=\"elementor-element elementor-element-84023f1 e-flex e-con-boxed e-con e-parent\" data-id=\"84023f1\" data-element_type=\"container\" data-e-type=\"container\">\n\t\t\t\t\t<div class=\"e-con-inner\">\n\t\t\t\t<div class=\"elementor-element elementor-element-2955fde elementor-widget elementor-widget-text-editor\" data-id=\"2955fde\" data-element_type=\"widget\" data-e-type=\"widget\" data-widget_type=\"text-editor.default\">\n\t\t\t\t<div class=\"elementor-widget-container\">\n\t\t\t\t\t\t\t\t\t<p>Experiencias Rolls-Royce, Yate y Golf<\/p>\t\t\t\t\t\t\t\t<\/div>\n\t\t\t\t<\/div>\n\t\t\t\t<div class=\"elementor-element elementor-element-f1925a1 elementor-widget elementor-widget-text-editor\" data-id=\"f1925a1\" data-element_type=\"widget\" data-e-type=\"widget\" data-widget_type=\"text-editor.default\">\n\t\t\t\t<div class=\"elementor-widget-container\">\n\t\t\t\t\t\t\t\t\t<p>SERVICIOS DE LUJO DEL THAI GARDEN RESORT\u00ae<\/p>\t\t\t\t\t\t\t\t<\/div>\n\t\t\t\t<\/div>\n\t\t\t\t<div class=\"elementor-element elementor-element-4eea2f2 elementor-widget__width-initial elementor-widget-mobile__width-inherit elementor-widget elementor-widget-image\" data-id=\"4eea2f2\" data-element_type=\"widget\" data-e-type=\"widget\" data-widget_type=\"image.default\">\n\t\t\t\t<div class=\"elementor-widget-container\">\n\t\t\t\t\t\t\t\t\t\t\t\t\t\t\t<img fetchpriority=\"high\" decoding=\"async\" width=\"2560\" height=\"1704\" src=\"data:image\/gif;base64,R0lGODlhAQABAIAAAAAAAP\/\/\/yH5BAEAAAAALAAAAAABAAEAAAIBRAA7\" data-src=\"https:\/\/thaigarden.com\/wp-content\/uploads\/2024\/11\/pexels-lynxexotics-3764984-scaled.jpg\" class=\"attachment-full size-full wp-image-7906 lazyload\" alt=\"\" data-srcset=\"https:\/\/thaigarden.com\/wp-content\/uploads\/2024\/11\/pexels-lynxexotics-3764984-scaled.jpg 2560w, https:\/\/thaigarden.com\/wp-content\/uploads\/2024\/11\/pexels-lynxexotics-3764984-300x200.jpg 300w, https:\/\/thaigarden.com\/wp-content\/uploads\/2024\/11\/pexels-lynxexotics-3764984-1024x681.jpg 1024w, https:\/\/thaigarden.com\/wp-content\/uploads\/2024\/11\/pexels-lynxexotics-3764984-2000x1331.jpg 2000w, https:\/\/thaigarden.com\/wp-content\/uploads\/2024\/11\/pexels-lynxexotics-3764984-scaled-1536x1022.jpg 1536w, https:\/\/thaigarden.com\/wp-content\/uploads\/2024\/11\/pexels-lynxexotics-3764984-scaled-2048x1363.jpg 2048w, https:\/\/thaigarden.com\/wp-content\/uploads\/2024\/11\/pexels-lynxexotics-3764984-scaled-18x12.jpg 18w\" sizes=\"100vw\" \/><noscript><img decoding=\"async\" width=\"2560\" height=\"1704\" src=\"https:\/\/thaigarden.com\/wp-content\/uploads\/2024\/11\/pexels-lynxexotics-3764984-scaled.jpg\" class=\"attachment-full size-full wp-image-7906 lazyload\" alt=\"\" srcset=\"https:\/\/thaigarden.com\/wp-content\/uploads\/2024\/11\/pexels-lynxexotics-3764984-scaled.jpg 2560w, https:\/\/thaigarden.com\/wp-content\/uploads\/2024\/11\/pexels-lynxexotics-3764984-300x200.jpg 300w, https:\/\/thaigarden.com\/wp-content\/uploads\/2024\/11\/pexels-lynxexotics-3764984-1024x681.jpg 1024w, https:\/\/thaigarden.com\/wp-content\/uploads\/2024\/11\/pexels-lynxexotics-3764984-2000x1331.jpg 2000w, https:\/\/thaigarden.com\/wp-content\/uploads\/2024\/11\/pexels-lynxexotics-3764984-scaled-1536x1022.jpg 1536w, https:\/\/thaigarden.com\/wp-content\/uploads\/2024\/11\/pexels-lynxexotics-3764984-scaled-2048x1363.jpg 2048w, https:\/\/thaigarden.com\/wp-content\/uploads\/2024\/11\/pexels-lynxexotics-3764984-scaled-18x12.jpg 18w\" sizes=\"100vw\" \/><\/noscript>\t\t\t\t\t\t\t\t\t\t\t\t\t\t\t<\/div>\n\t\t\t\t<\/div>\n\t\t\t\t<div class=\"elementor-element elementor-element-7c36789 elementor-widget elementor-widget-spacer\" data-id=\"7c36789\" data-element_type=\"widget\" data-e-type=\"widget\" data-widget_type=\"spacer.default\">\n\t\t\t\t<div class=\"elementor-widget-container\">\n\t\t\t\t\t\t\t<div class=\"elementor-spacer\">\n\t\t\t<div class=\"elementor-spacer-inner\"><\/div>\n\t\t<\/div>\n\t\t\t\t\t\t<\/div>\n\t\t\t\t<\/div>\n\t\t\t\t<div class=\"elementor-element elementor-element-3cf2d5f elementor-widget elementor-widget-text-editor\" data-id=\"3cf2d5f\" data-element_type=\"widget\" data-e-type=\"widget\" data-widget_type=\"text-editor.default\">\n\t\t\t\t<div class=\"elementor-widget-container\">\n\t\t\t\t\t\t\t\t\t<p>Comenzado en 2025, Creado para Ti<\/p>\t\t\t\t\t\t\t\t<\/div>\n\t\t\t\t<\/div>\n\t\t\t\t<div class=\"elementor-element elementor-element-c7ca053 elementor-widget__width-initial elementor-widget-mobile__width-inherit elementor-widget elementor-widget-text-editor\" data-id=\"c7ca053\" data-element_type=\"widget\" data-e-type=\"widget\" data-widget_type=\"text-editor.default\">\n\t\t\t\t<div class=\"elementor-widget-container\">\n\t\t\t\t\t\t\t\t\t<p>En Thai Garden Resort, creamos experiencias que van m\u00e1s all\u00e1 de lo ordinario. Desde charters privados de yates y traslados en Rolls-Royce hasta un servicio exclusivo de conserjer\u00eda de golf, cada detalle est\u00e1 pensado para aquellos hu\u00e9spedes que buscan un lujo refinado. Descubre un mundo donde la elegancia se encuentra con la comodidad, solo en el tranquilo refugio de sofisticaci\u00f3n en Pattaya.<\/p>\t\t\t\t\t\t\t\t<\/div>\n\t\t\t\t<\/div>\n\t\t\t\t<div class=\"elementor-element elementor-element-efcc223 elementor-widget elementor-widget-spacer\" data-id=\"efcc223\" data-element_type=\"widget\" data-e-type=\"widget\" data-widget_type=\"spacer.default\">\n\t\t\t\t<div class=\"elementor-widget-container\">\n\t\t\t\t\t\t\t<div class=\"elementor-spacer\">\n\t\t\t<div class=\"elementor-spacer-inner\"><\/div>\n\t\t<\/div>\n\t\t\t\t\t\t<\/div>\n\t\t\t\t<\/div>\n\t\t\t\t\t<\/div>\n\t\t\t\t<\/div>\n\t\t<div class=\"elementor-element elementor-element-b066db8 e-con-full e-flex e-con e-parent\" data-id=\"b066db8\" data-element_type=\"container\" data-e-type=\"container\" data-settings=\"{&quot;background_background&quot;:&quot;gradient&quot;}\">\n\t\t<div class=\"elementor-element elementor-element-e240b3c e-con-full e-flex e-con e-child\" data-id=\"e240b3c\" data-element_type=\"container\" data-e-type=\"container\" data-settings=\"{&quot;background_background&quot;:&quot;gradient&quot;}\">\n\t\t<div class=\"elementor-element elementor-element-021e34a e-con-full e-flex e-con e-child\" data-id=\"021e34a\" data-element_type=\"container\" data-e-type=\"container\">\n\t\t\t\t<div class=\"elementor-element elementor-element-7b85653 elementor-widget elementor-widget-heading\" data-id=\"7b85653\" data-element_type=\"widget\" data-e-type=\"widget\" data-widget_type=\"heading.default\">\n\t\t\t\t<div class=\"elementor-widget-container\">\n\t\t\t\t\t<h2 class=\"elementor-heading-title elementor-size-default\">Servicio Exclusivo de Conserjer\u00eda de Golf<\/h2>\t\t\t\t<\/div>\n\t\t\t\t<\/div>\n\t\t\t\t<div class=\"elementor-element elementor-element-b0b8c59 elementor-widget elementor-widget-text-editor\" data-id=\"b0b8c59\" data-element_type=\"widget\" data-e-type=\"widget\" data-widget_type=\"text-editor.default\">\n\t\t\t\t<div class=\"elementor-widget-container\">\n\t\t\t\t\t\t\t\t\t<p>Disfruta de una experiencia de golf sin interrupciones con el servicio de golf privado de Thai Garden Resort. Ofrecemos transporte completo y asistencia a los mejores campos de golf de Pattaya, asegurando comodidad, conveniencia y estilo de principio a fin. Perfecto para los amantes del golf que buscan mejorar su estancia.<\/p>\t\t\t\t\t\t\t\t<\/div>\n\t\t\t\t<\/div>\n\t\t\t\t<div class=\"elementor-element elementor-element-0ecd98f elementor-align-left elementor-widget__width-inherit elementor-widget-mobile__width-inherit elementor-widget elementor-widget-button\" data-id=\"0ecd98f\" data-element_type=\"widget\" data-e-type=\"widget\" data-widget_type=\"button.default\">\n\t\t\t\t<div class=\"elementor-widget-container\">\n\t\t\t\t\t\t\t\t\t<div class=\"elementor-button-wrapper\">\n\t\t\t\t\t<a class=\"elementor-button elementor-button-link elementor-size-sm\" href=\"https:\/\/thaigarden.com\/es\/contact-us\/\" target=\"_blank\">\n\t\t\t\t\t\t<span class=\"elementor-button-content-wrapper\">\n\t\t\t\t\t\t\t\t\t<span class=\"elementor-button-text\">Solicitar informaci\u00f3n<\/span>\n\t\t\t\t\t<\/span>\n\t\t\t\t\t<\/a>\n\t\t\t\t<\/div>\n\t\t\t\t\t\t\t\t<\/div>\n\t\t\t\t<\/div>\n\t\t\t\t<\/div>\n\t\t<div class=\"elementor-element elementor-element-ab7022c e-con-full e-flex e-con e-child\" data-id=\"ab7022c\" data-element_type=\"container\" data-e-type=\"container\">\n\t\t\t\t<div class=\"elementor-element elementor-element-77a046d elementor-widget elementor-widget-image\" data-id=\"77a046d\" data-element_type=\"widget\" data-e-type=\"widget\" data-widget_type=\"image.default\">\n\t\t\t\t<div class=\"elementor-widget-container\">\n\t\t\t\t\t\t\t\t\t\t\t\t\t\t\t<img decoding=\"async\" width=\"675\" height=\"1200\" src=\"data:image\/gif;base64,R0lGODlhAQABAIAAAAAAAP\/\/\/yH5BAEAAAAALAAAAAABAAEAAAIBRAA7\" data-src=\"https:\/\/thaigarden.com\/wp-content\/uploads\/2025\/05\/golf-club-activities-sport-thai-garden-resort-pattaya-thailand.jpg\" class=\"attachment-medium_large size-medium_large wp-image-14614 lazyload\" alt=\"Private golf service with transport from Thai Garden Resort to Pattaya golf courses\" data-srcset=\"https:\/\/thaigarden.com\/wp-content\/uploads\/2025\/05\/golf-club-activities-sport-thai-garden-resort-pattaya-thailand.jpg 675w, https:\/\/thaigarden.com\/wp-content\/uploads\/2025\/05\/golf-club-activities-sport-thai-garden-resort-pattaya-thailand-169x300.jpg 169w, https:\/\/thaigarden.com\/wp-content\/uploads\/2025\/05\/golf-club-activities-sport-thai-garden-resort-pattaya-thailand-576x1024.jpg 576w, https:\/\/thaigarden.com\/wp-content\/uploads\/2025\/05\/golf-club-activities-sport-thai-garden-resort-pattaya-thailand-7x12.jpg 7w\" sizes=\"100vw\" \/><noscript><img loading=\"lazy\" decoding=\"async\" width=\"675\" height=\"1200\" src=\"https:\/\/thaigarden.com\/wp-content\/uploads\/2025\/05\/golf-club-activities-sport-thai-garden-resort-pattaya-thailand.jpg\" class=\"attachment-medium_large size-medium_large wp-image-14614 lazyload\" alt=\"Private golf service with transport from Thai Garden Resort to Pattaya golf courses\" srcset=\"https:\/\/thaigarden.com\/wp-content\/uploads\/2025\/05\/golf-club-activities-sport-thai-garden-resort-pattaya-thailand.jpg 675w, https:\/\/thaigarden.com\/wp-content\/uploads\/2025\/05\/golf-club-activities-sport-thai-garden-resort-pattaya-thailand-169x300.jpg 169w, https:\/\/thaigarden.com\/wp-content\/uploads\/2025\/05\/golf-club-activities-sport-thai-garden-resort-pattaya-thailand-576x1024.jpg 576w, https:\/\/thaigarden.com\/wp-content\/uploads\/2025\/05\/golf-club-activities-sport-thai-garden-resort-pattaya-thailand-7x12.jpg 7w\" sizes=\"100vw\" \/><\/noscript>\t\t\t\t\t\t\t\t\t\t\t\t\t\t\t<\/div>\n\t\t\t\t<\/div>\n\t\t\t\t<\/div>\n\t\t\t\t<\/div>\n\t\t\t\t<\/div>\n\t\t<div class=\"elementor-element elementor-element-1fc94de e-con-full e-flex e-con e-parent\" data-id=\"1fc94de\" data-element_type=\"container\" data-e-type=\"container\" data-settings=\"{&quot;background_background&quot;:&quot;classic&quot;}\">\n\t\t<div class=\"elementor-element elementor-element-f5777b5 e-flex e-con-boxed e-con e-child\" data-id=\"f5777b5\" data-element_type=\"container\" data-e-type=\"container\" data-settings=\"{&quot;background_background&quot;:&quot;gradient&quot;}\">\n\t\t\t\t\t<div class=\"e-con-inner\">\n\t\t<div class=\"elementor-element elementor-element-b8bdda1 e-con-full e-flex e-con e-child\" data-id=\"b8bdda1\" data-element_type=\"container\" data-e-type=\"container\">\n\t\t\t\t<div class=\"elementor-element elementor-element-d57d9df elementor-widget elementor-widget-spacer\" data-id=\"d57d9df\" data-element_type=\"widget\" data-e-type=\"widget\" data-widget_type=\"spacer.default\">\n\t\t\t\t<div class=\"elementor-widget-container\">\n\t\t\t\t\t\t\t<div class=\"elementor-spacer\">\n\t\t\t<div class=\"elementor-spacer-inner\"><\/div>\n\t\t<\/div>\n\t\t\t\t\t\t<\/div>\n\t\t\t\t<\/div>\n\t\t\t\t<div class=\"elementor-element elementor-element-54a0e6a elementor-widget-mobile__width-inherit elementor-hidden-desktop elementor-hidden-tablet elementor-widget elementor-widget-image\" data-id=\"54a0e6a\" data-element_type=\"widget\" data-e-type=\"widget\" data-widget_type=\"image.default\">\n\t\t\t\t<div class=\"elementor-widget-container\">\n\t\t\t\t\t\t\t\t\t\t\t\t\t\t\t<img loading=\"lazy\" decoding=\"async\" width=\"800\" height=\"532\" src=\"data:image\/gif;base64,R0lGODlhAQABAIAAAAAAAP\/\/\/yH5BAEAAAAALAAAAAABAAEAAAIBRAA7\" data-src=\"https:\/\/thaigarden.com\/wp-content\/uploads\/2024\/11\/pexels-lynxexotics-3764986.jpg\" class=\"attachment-large size-large wp-image-10608 lazyload\" alt=\"\" data-srcset=\"https:\/\/thaigarden.com\/wp-content\/uploads\/2024\/11\/pexels-lynxexotics-3764986.jpg 800w, https:\/\/thaigarden.com\/wp-content\/uploads\/2024\/11\/pexels-lynxexotics-3764986-300x200.jpg 300w, https:\/\/thaigarden.com\/wp-content\/uploads\/2024\/11\/pexels-lynxexotics-3764986-18x12.jpg 18w\" sizes=\"100vw\" \/><noscript><img loading=\"lazy\" decoding=\"async\" width=\"800\" height=\"532\" src=\"https:\/\/thaigarden.com\/wp-content\/uploads\/2024\/11\/pexels-lynxexotics-3764986.jpg\" class=\"attachment-large size-large wp-image-10608 lazyload\" alt=\"\" srcset=\"https:\/\/thaigarden.com\/wp-content\/uploads\/2024\/11\/pexels-lynxexotics-3764986.jpg 800w, https:\/\/thaigarden.com\/wp-content\/uploads\/2024\/11\/pexels-lynxexotics-3764986-300x200.jpg 300w, https:\/\/thaigarden.com\/wp-content\/uploads\/2024\/11\/pexels-lynxexotics-3764986-18x12.jpg 18w\" sizes=\"100vw\" \/><\/noscript>\t\t\t\t\t\t\t\t\t\t\t\t\t\t\t<\/div>\n\t\t\t\t<\/div>\n\t\t\t\t<div class=\"elementor-element elementor-element-0bacc57 elementor-widget-mobile__width-inherit elementor-widget elementor-widget-text-editor\" data-id=\"0bacc57\" data-element_type=\"widget\" data-e-type=\"widget\" data-widget_type=\"text-editor.default\">\n\t\t\t\t<div class=\"elementor-widget-container\">\n\t\t\t\t\t\t\t\t\t<p>Rolls Royce Phantom<\/p>\t\t\t\t\t\t\t\t<\/div>\n\t\t\t\t<\/div>\n\t\t\t\t<div class=\"elementor-element elementor-element-61eae20 elementor-widget elementor-widget-text-editor\" data-id=\"61eae20\" data-element_type=\"widget\" data-e-type=\"widget\" data-widget_type=\"text-editor.default\">\n\t\t\t\t<div class=\"elementor-widget-container\">\n\t\t\t\t\t\t\t\t\tLlega con estilo en nuestro exclusivo Rolls Royce Phantom, donde el lujo se encuentra con la sofisticaci\u00f3n. Dise\u00f1ado impecablemente para aquellos que aprecian lo mejor de la vida, este veh\u00edculo ic\u00f3nico garantiza un viaje suave y opulento de principio a fin. Experimenta lo \u00faltimo en comodidad y prestigio, solo en Thai Garden Resort.\t\t\t\t\t\t\t\t<\/div>\n\t\t\t\t<\/div>\n\t\t\t\t<div class=\"elementor-element elementor-element-5c593db elementor-align-left elementor-widget__width-inherit elementor-widget-mobile__width-inherit elementor-widget elementor-widget-button\" data-id=\"5c593db\" data-element_type=\"widget\" data-e-type=\"widget\" data-widget_type=\"button.default\">\n\t\t\t\t<div class=\"elementor-widget-container\">\n\t\t\t\t\t\t\t\t\t<div class=\"elementor-button-wrapper\">\n\t\t\t\t\t<a class=\"elementor-button elementor-button-link elementor-size-sm\" href=\"https:\/\/thaigarden.com\/es\/contact-us\/\" target=\"_blank\">\n\t\t\t\t\t\t<span class=\"elementor-button-content-wrapper\">\n\t\t\t\t\t\t\t\t\t<span class=\"elementor-button-text\">Comprobar disponibilidad<\/span>\n\t\t\t\t\t<\/span>\n\t\t\t\t\t<\/a>\n\t\t\t\t<\/div>\n\t\t\t\t\t\t\t\t<\/div>\n\t\t\t\t<\/div>\n\t\t\t\t<\/div>\n\t\t<div class=\"elementor-element elementor-element-fcc76d6 e-con-full e-flex e-con e-child\" data-id=\"fcc76d6\" data-element_type=\"container\" data-e-type=\"container\">\n\t\t\t\t<div class=\"elementor-element elementor-element-6f19657 elementor-hidden-mobile elementor-widget elementor-widget-image\" data-id=\"6f19657\" data-element_type=\"widget\" data-e-type=\"widget\" data-widget_type=\"image.default\">\n\t\t\t\t<div class=\"elementor-widget-container\">\n\t\t\t\t\t\t\t\t\t\t\t\t\t\t\t<img loading=\"lazy\" decoding=\"async\" width=\"800\" height=\"532\" src=\"data:image\/gif;base64,R0lGODlhAQABAIAAAAAAAP\/\/\/yH5BAEAAAAALAAAAAABAAEAAAIBRAA7\" data-src=\"https:\/\/thaigarden.com\/wp-content\/uploads\/2024\/11\/pexels-lynxexotics-3764986.jpg\" class=\"attachment-large size-large wp-image-10608 lazyload\" alt=\"\" data-srcset=\"https:\/\/thaigarden.com\/wp-content\/uploads\/2024\/11\/pexels-lynxexotics-3764986.jpg 800w, https:\/\/thaigarden.com\/wp-content\/uploads\/2024\/11\/pexels-lynxexotics-3764986-300x200.jpg 300w, https:\/\/thaigarden.com\/wp-content\/uploads\/2024\/11\/pexels-lynxexotics-3764986-18x12.jpg 18w\" sizes=\"100vw\" \/><noscript><img loading=\"lazy\" decoding=\"async\" width=\"800\" height=\"532\" src=\"https:\/\/thaigarden.com\/wp-content\/uploads\/2024\/11\/pexels-lynxexotics-3764986.jpg\" class=\"attachment-large size-large wp-image-10608 lazyload\" alt=\"\" srcset=\"https:\/\/thaigarden.com\/wp-content\/uploads\/2024\/11\/pexels-lynxexotics-3764986.jpg 800w, https:\/\/thaigarden.com\/wp-content\/uploads\/2024\/11\/pexels-lynxexotics-3764986-300x200.jpg 300w, https:\/\/thaigarden.com\/wp-content\/uploads\/2024\/11\/pexels-lynxexotics-3764986-18x12.jpg 18w\" sizes=\"100vw\" \/><\/noscript>\t\t\t\t\t\t\t\t\t\t\t\t\t\t\t<\/div>\n\t\t\t\t<\/div>\n\t\t\t\t<\/div>\n\t\t\t\t\t<\/div>\n\t\t\t\t<\/div>\n\t\t\t\t<\/div>\n\t\t<div class=\"elementor-element elementor-element-76e5372 e-flex e-con-boxed e-con e-parent\" data-id=\"76e5372\" data-element_type=\"container\" data-e-type=\"container\" data-settings=\"{&quot;background_background&quot;:&quot;classic&quot;}\">\n\t\t\t\t\t<div class=\"e-con-inner\">\n\t\t<div class=\"elementor-element elementor-element-a1405ba e-con-full e-flex e-con e-child\" data-id=\"a1405ba\" data-element_type=\"container\" data-e-type=\"container\" data-settings=\"{&quot;background_background&quot;:&quot;classic&quot;}\">\n\t\t<div class=\"elementor-element elementor-element-420e0f2 e-con-full e-flex e-con e-child\" data-id=\"420e0f2\" data-element_type=\"container\" data-e-type=\"container\">\n\t\t\t\t<div class=\"elementor-element elementor-element-8e123c8 elementor-widget-mobile__width-inherit elementor-widget elementor-widget-image\" data-id=\"8e123c8\" data-element_type=\"widget\" data-e-type=\"widget\" data-widget_type=\"image.default\">\n\t\t\t\t<div class=\"elementor-widget-container\">\n\t\t\t\t\t\t\t\t\t\t\t\t\t\t\t<img loading=\"lazy\" decoding=\"async\" width=\"950\" height=\"635\" src=\"data:image\/gif;base64,R0lGODlhAQABAIAAAAAAAP\/\/\/yH5BAEAAAAALAAAAAABAAEAAAIBRAA7\" data-src=\"https:\/\/thaigarden.com\/wp-content\/uploads\/2024\/11\/pexels-pixabay-163236-1024x685.jpg\" class=\"attachment-large size-large wp-image-7950 lazyload\" alt=\"\" data-srcset=\"https:\/\/thaigarden.com\/wp-content\/uploads\/2024\/11\/pexels-pixabay-163236-1024x685.jpg 1024w, https:\/\/thaigarden.com\/wp-content\/uploads\/2024\/11\/pexels-pixabay-163236-300x201.jpg 300w, https:\/\/thaigarden.com\/wp-content\/uploads\/2024\/11\/pexels-pixabay-163236-2000x1339.jpg 2000w, https:\/\/thaigarden.com\/wp-content\/uploads\/2024\/11\/pexels-pixabay-163236-scaled-1536x1028.jpg 1536w, https:\/\/thaigarden.com\/wp-content\/uploads\/2024\/11\/pexels-pixabay-163236-scaled-2048x1371.jpg 2048w, https:\/\/thaigarden.com\/wp-content\/uploads\/2024\/11\/pexels-pixabay-163236-scaled-18x12.jpg 18w\" sizes=\"100vw\" \/><noscript><img loading=\"lazy\" decoding=\"async\" width=\"950\" height=\"635\" src=\"https:\/\/thaigarden.com\/wp-content\/uploads\/2024\/11\/pexels-pixabay-163236-1024x685.jpg\" class=\"attachment-large size-large wp-image-7950 lazyload\" alt=\"\" srcset=\"https:\/\/thaigarden.com\/wp-content\/uploads\/2024\/11\/pexels-pixabay-163236-1024x685.jpg 1024w, https:\/\/thaigarden.com\/wp-content\/uploads\/2024\/11\/pexels-pixabay-163236-300x201.jpg 300w, https:\/\/thaigarden.com\/wp-content\/uploads\/2024\/11\/pexels-pixabay-163236-2000x1339.jpg 2000w, https:\/\/thaigarden.com\/wp-content\/uploads\/2024\/11\/pexels-pixabay-163236-scaled-1536x1028.jpg 1536w, https:\/\/thaigarden.com\/wp-content\/uploads\/2024\/11\/pexels-pixabay-163236-scaled-2048x1371.jpg 2048w, https:\/\/thaigarden.com\/wp-content\/uploads\/2024\/11\/pexels-pixabay-163236-scaled-18x12.jpg 18w\" sizes=\"100vw\" \/><\/noscript>\t\t\t\t\t\t\t\t\t\t\t\t\t\t\t<\/div>\n\t\t\t\t<\/div>\n\t\t\t\t<\/div>\n\t\t<div class=\"elementor-element elementor-element-ec4cee3 e-con-full e-flex e-con e-child\" data-id=\"ec4cee3\" data-element_type=\"container\" data-e-type=\"container\">\n\t\t\t\t<div class=\"elementor-element elementor-element-c0f292c elementor-widget elementor-widget-spacer\" data-id=\"c0f292c\" data-element_type=\"widget\" data-e-type=\"widget\" data-widget_type=\"spacer.default\">\n\t\t\t\t<div class=\"elementor-widget-container\">\n\t\t\t\t\t\t\t<div class=\"elementor-spacer\">\n\t\t\t<div class=\"elementor-spacer-inner\"><\/div>\n\t\t<\/div>\n\t\t\t\t\t\t<\/div>\n\t\t\t\t<\/div>\n\t\t\t\t<div class=\"elementor-element elementor-element-d51c49e elementor-widget elementor-widget-text-editor\" data-id=\"d51c49e\" data-element_type=\"widget\" data-e-type=\"widget\" data-widget_type=\"text-editor.default\">\n\t\t\t\t<div class=\"elementor-widget-container\">\n\t\t\t\t\t\t\t\t\t<p>Yate Princess 72<\/p>\t\t\t\t\t\t\t\t<\/div>\n\t\t\t\t<\/div>\n\t\t\t\t<div class=\"elementor-element elementor-element-2685e46 elementor-widget-mobile__width-inherit elementor-widget elementor-widget-text-editor\" data-id=\"2685e46\" data-element_type=\"widget\" data-e-type=\"widget\" data-widget_type=\"text-editor.default\">\n\t\t\t\t<div class=\"elementor-widget-container\">\n\t\t\t\t\t\t\t\t\t<p>Zarpa en un viaje de elegancia inigualable con nuestros exclusivos cruceros en yate por las impresionantes Islas Tailandesas. Desde las aguas cristalinas hasta las impresionantes vistas costeras, cada momento a bordo est\u00e1 dise\u00f1ado para el disfrute total. Con comodidades de lujo y un servicio personalizado, tu experiencia en yate privado es el ep\u00edtome de la sofisticaci\u00f3n, ofreciendo una manera inolvidable de explorar la belleza de Tailandia con estilo.<\/p>\t\t\t\t\t\t\t\t<\/div>\n\t\t\t\t<\/div>\n\t\t\t\t<div class=\"elementor-element elementor-element-3684846 elementor-align-left elementor-widget__width-inherit elementor-widget-mobile__width-inherit elementor-widget elementor-widget-button\" data-id=\"3684846\" data-element_type=\"widget\" data-e-type=\"widget\" data-widget_type=\"button.default\">\n\t\t\t\t<div class=\"elementor-widget-container\">\n\t\t\t\t\t\t\t\t\t<div class=\"elementor-button-wrapper\">\n\t\t\t\t\t<a class=\"elementor-button elementor-button-link elementor-size-sm\" href=\"https:\/\/thaigarden.com\/es\/contact-us\/\" target=\"_blank\">\n\t\t\t\t\t\t<span class=\"elementor-button-content-wrapper\">\n\t\t\t\t\t\t\t\t\t<span class=\"elementor-button-text\">Comprobar disponibilidad<\/span>\n\t\t\t\t\t<\/span>\n\t\t\t\t\t<\/a>\n\t\t\t\t<\/div>\n\t\t\t\t\t\t\t\t<\/div>\n\t\t\t\t<\/div>\n\t\t\t\t<\/div>\n\t\t\t\t<\/div>\n\t\t\t\t\t<\/div>\n\t\t\t\t<\/div>\n\t\t<div class=\"elementor-element elementor-element-c9222fd e-flex e-con-boxed e-con e-parent\" data-id=\"c9222fd\" data-element_type=\"container\" data-e-type=\"container\">\n\t\t\t\t\t<div class=\"e-con-inner\">\n\t\t\t\t<div class=\"elementor-element elementor-element-3cb8609 elementor-widget-divider--view-line elementor-widget elementor-widget-divider\" data-id=\"3cb8609\" data-element_type=\"widget\" data-e-type=\"widget\" data-widget_type=\"divider.default\">\n\t\t\t\t<div class=\"elementor-widget-container\">\n\t\t\t\t\t\t\t<div class=\"elementor-divider\">\n\t\t\t<span class=\"elementor-divider-separator\">\n\t\t\t\t\t\t<\/span>\n\t\t<\/div>\n\t\t\t\t\t\t<\/div>\n\t\t\t\t<\/div>\n\t\t\t\t<div class=\"elementor-element elementor-element-829c673 elementor-widget__width-initial elementor-widget-mobile__width-initial elementor-widget elementor-widget-text-editor\" data-id=\"829c673\" data-element_type=\"widget\" data-e-type=\"widget\" data-widget_type=\"text-editor.default\">\n\t\t\t\t<div class=\"elementor-widget-container\">\n\t\t\t\t\t\t\t\t\t<p>D\u00e9jate envolver por un lujo sin igual, donde cada viaje es una obra maestra.<\/p>\t\t\t\t\t\t\t\t<\/div>\n\t\t\t\t<\/div>\n\t\t\t\t\t<\/div>\n\t\t\t\t<\/div>\n\t\t\t\t<\/div>","protected":false},"excerpt":{"rendered":"<p>Rolls-Royce, Yacht &amp; Golf Experiences THAI GARDEN RESORT\u00ae LUXURY SERVICES Begun in 2025, Crafted for You At Thai Garden Resort, we curate experiences that go beyond the ordinary. From private yacht charters and Rolls-Royce transfers to exclusive golf concierge service, every detail is tailored for guests who seek refined indulgence. Discover a world where elegance &hellip; <\/p>\n<p class=\"link-more\"><a href=\"https:\/\/thaigarden.com\/es\/exclusive-luxury-services\/\" class=\"more-link\">Leer m\u00e1s<span class=\"screen-reader-text\"> \u00abExclusive Services\u00bb<\/span><\/a><\/p>","protected":false},"author":1,"featured_media":0,"parent":0,"menu_order":19,"comment_status":"closed","ping_status":"closed","template":"elementor_header_footer","meta":{"footnotes":""},"class_list":["post-7896","page","type-page","status-publish","hentry"],"_links":{"self":[{"href":"https:\/\/thaigarden.com\/es\/wp-json\/wp\/v2\/pages\/7896","targetHints":{"allow":["GET"]}}],"collection":[{"href":"https:\/\/thaigarden.com\/es\/wp-json\/wp\/v2\/pages"}],"about":[{"href":"https:\/\/thaigarden.com\/es\/wp-json\/wp\/v2\/types\/page"}],"author":[{"embeddable":true,"href":"https:\/\/thaigarden.com\/es\/wp-json\/wp\/v2\/users\/1"}],"replies":[{"embeddable":true,"href":"https:\/\/thaigarden.com\/es\/wp-json\/wp\/v2\/comments?post=7896"}],"version-history":[{"count":0,"href":"https:\/\/thaigarden.com\/es\/wp-json\/wp\/v2\/pages\/7896\/revisions"}],"wp:attachment":[{"href":"https:\/\/thaigarden.com\/es\/wp-json\/wp\/v2\/media?parent=7896"}],"curies":[{"name":"wp","href":"https:\/\/api.w.org\/{rel}","templated":true}]}}