{"id":7896,"date":"2024-11-14T07:48:29","date_gmt":"2024-11-14T07:48:29","guid":{"rendered":"https:\/\/thaigarden.com\/?page_id=7896"},"modified":"2025-05-05T17:30:51","modified_gmt":"2025-05-05T10:30:51","slug":"exclusive-luxury-services","status":"publish","type":"page","link":"https:\/\/thaigarden.com\/fr\/exclusive-luxury-services\/","title":{"rendered":"Services exclusifs"},"content":{"rendered":"<div data-elementor-type=\"wp-page\" data-elementor-id=\"7896\" class=\"elementor elementor-7896\">\n\t\t\t\t<div class=\"elementor-element elementor-element-84023f1 e-flex e-con-boxed e-con e-parent\" data-id=\"84023f1\" data-element_type=\"container\" data-e-type=\"container\">\n\t\t\t\t\t<div class=\"e-con-inner\">\n\t\t\t\t<div class=\"elementor-element elementor-element-2955fde elementor-widget elementor-widget-text-editor\" data-id=\"2955fde\" data-element_type=\"widget\" data-e-type=\"widget\" data-widget_type=\"text-editor.default\">\n\t\t\t\t<div class=\"elementor-widget-container\">\n\t\t\t\t\t\t\t\t\t<p>Exp\u00e9riences Rolls-Royce, Yacht &amp; Golf<\/p>\t\t\t\t\t\t\t\t<\/div>\n\t\t\t\t<\/div>\n\t\t\t\t<div class=\"elementor-element elementor-element-f1925a1 elementor-widget elementor-widget-text-editor\" data-id=\"f1925a1\" data-element_type=\"widget\" data-e-type=\"widget\" data-widget_type=\"text-editor.default\">\n\t\t\t\t<div class=\"elementor-widget-container\">\n\t\t\t\t\t\t\t\t\t<p>SERVICES DE LUXE THAI GARDEN RESORT\u00ae<\/p>\t\t\t\t\t\t\t\t<\/div>\n\t\t\t\t<\/div>\n\t\t\t\t<div class=\"elementor-element elementor-element-4eea2f2 elementor-widget__width-initial elementor-widget-mobile__width-inherit elementor-widget elementor-widget-image\" data-id=\"4eea2f2\" data-element_type=\"widget\" data-e-type=\"widget\" data-widget_type=\"image.default\">\n\t\t\t\t<div class=\"elementor-widget-container\">\n\t\t\t\t\t\t\t\t\t\t\t\t\t\t\t<img fetchpriority=\"high\" decoding=\"async\" width=\"2560\" height=\"1704\" src=\"data:image\/gif;base64,R0lGODlhAQABAIAAAAAAAP\/\/\/yH5BAEAAAAALAAAAAABAAEAAAIBRAA7\" data-src=\"https:\/\/thaigarden.com\/wp-content\/uploads\/2024\/11\/pexels-lynxexotics-3764984-scaled.jpg\" class=\"attachment-full size-full wp-image-7906 lazyload\" alt=\"\" data-srcset=\"https:\/\/thaigarden.com\/wp-content\/uploads\/2024\/11\/pexels-lynxexotics-3764984-scaled.jpg 2560w, https:\/\/thaigarden.com\/wp-content\/uploads\/2024\/11\/pexels-lynxexotics-3764984-300x200.jpg 300w, https:\/\/thaigarden.com\/wp-content\/uploads\/2024\/11\/pexels-lynxexotics-3764984-1024x681.jpg 1024w, https:\/\/thaigarden.com\/wp-content\/uploads\/2024\/11\/pexels-lynxexotics-3764984-2000x1331.jpg 2000w, https:\/\/thaigarden.com\/wp-content\/uploads\/2024\/11\/pexels-lynxexotics-3764984-scaled-1536x1022.jpg 1536w, https:\/\/thaigarden.com\/wp-content\/uploads\/2024\/11\/pexels-lynxexotics-3764984-scaled-2048x1363.jpg 2048w, https:\/\/thaigarden.com\/wp-content\/uploads\/2024\/11\/pexels-lynxexotics-3764984-scaled-18x12.jpg 18w\" sizes=\"100vw\" \/><noscript><img decoding=\"async\" width=\"2560\" height=\"1704\" src=\"https:\/\/thaigarden.com\/wp-content\/uploads\/2024\/11\/pexels-lynxexotics-3764984-scaled.jpg\" class=\"attachment-full size-full wp-image-7906 lazyload\" alt=\"\" srcset=\"https:\/\/thaigarden.com\/wp-content\/uploads\/2024\/11\/pexels-lynxexotics-3764984-scaled.jpg 2560w, https:\/\/thaigarden.com\/wp-content\/uploads\/2024\/11\/pexels-lynxexotics-3764984-300x200.jpg 300w, https:\/\/thaigarden.com\/wp-content\/uploads\/2024\/11\/pexels-lynxexotics-3764984-1024x681.jpg 1024w, https:\/\/thaigarden.com\/wp-content\/uploads\/2024\/11\/pexels-lynxexotics-3764984-2000x1331.jpg 2000w, https:\/\/thaigarden.com\/wp-content\/uploads\/2024\/11\/pexels-lynxexotics-3764984-scaled-1536x1022.jpg 1536w, https:\/\/thaigarden.com\/wp-content\/uploads\/2024\/11\/pexels-lynxexotics-3764984-scaled-2048x1363.jpg 2048w, https:\/\/thaigarden.com\/wp-content\/uploads\/2024\/11\/pexels-lynxexotics-3764984-scaled-18x12.jpg 18w\" sizes=\"100vw\" \/><\/noscript>\t\t\t\t\t\t\t\t\t\t\t\t\t\t\t<\/div>\n\t\t\t\t<\/div>\n\t\t\t\t<div class=\"elementor-element elementor-element-7c36789 elementor-widget elementor-widget-spacer\" data-id=\"7c36789\" data-element_type=\"widget\" data-e-type=\"widget\" data-widget_type=\"spacer.default\">\n\t\t\t\t<div class=\"elementor-widget-container\">\n\t\t\t\t\t\t\t<div class=\"elementor-spacer\">\n\t\t\t<div class=\"elementor-spacer-inner\"><\/div>\n\t\t<\/div>\n\t\t\t\t\t\t<\/div>\n\t\t\t\t<\/div>\n\t\t\t\t<div class=\"elementor-element elementor-element-3cf2d5f elementor-widget elementor-widget-text-editor\" data-id=\"3cf2d5f\" data-element_type=\"widget\" data-e-type=\"widget\" data-widget_type=\"text-editor.default\">\n\t\t\t\t<div class=\"elementor-widget-container\">\n\t\t\t\t\t\t\t\t\t<p>Commenc\u00e9 en 2025, Con\u00e7u pour Vous<\/p>\t\t\t\t\t\t\t\t<\/div>\n\t\t\t\t<\/div>\n\t\t\t\t<div class=\"elementor-element elementor-element-c7ca053 elementor-widget__width-initial elementor-widget-mobile__width-inherit elementor-widget elementor-widget-text-editor\" data-id=\"c7ca053\" data-element_type=\"widget\" data-e-type=\"widget\" data-widget_type=\"text-editor.default\">\n\t\t\t\t<div class=\"elementor-widget-container\">\n\t\t\t\t\t\t\t\t\t<p>Au Thai Garden Resort, nous cr\u00e9ons des exp\u00e9riences qui vont au-del\u00e0 de l'ordinaire. Des charters priv\u00e9s de yachts et des transferts en Rolls-Royce au service de conciergerie de golf exclusif, chaque d\u00e9tail est pens\u00e9 pour les clients en qu\u00eate de raffinement. D\u00e9couvrez un monde o\u00f9 l'\u00e9l\u00e9gance rencontre la simplicit\u00e9 \u2013 uniquement dans le refuge sophistiqu\u00e9 et paisible de Pattaya.<\/p>\t\t\t\t\t\t\t\t<\/div>\n\t\t\t\t<\/div>\n\t\t\t\t<div class=\"elementor-element elementor-element-efcc223 elementor-widget elementor-widget-spacer\" data-id=\"efcc223\" data-element_type=\"widget\" data-e-type=\"widget\" data-widget_type=\"spacer.default\">\n\t\t\t\t<div class=\"elementor-widget-container\">\n\t\t\t\t\t\t\t<div class=\"elementor-spacer\">\n\t\t\t<div class=\"elementor-spacer-inner\"><\/div>\n\t\t<\/div>\n\t\t\t\t\t\t<\/div>\n\t\t\t\t<\/div>\n\t\t\t\t\t<\/div>\n\t\t\t\t<\/div>\n\t\t<div class=\"elementor-element elementor-element-b066db8 e-con-full e-flex e-con e-parent\" data-id=\"b066db8\" data-element_type=\"container\" data-e-type=\"container\" data-settings=\"{&quot;background_background&quot;:&quot;gradient&quot;}\">\n\t\t<div class=\"elementor-element elementor-element-e240b3c e-con-full e-flex e-con e-child\" data-id=\"e240b3c\" data-element_type=\"container\" data-e-type=\"container\" data-settings=\"{&quot;background_background&quot;:&quot;gradient&quot;}\">\n\t\t<div class=\"elementor-element elementor-element-021e34a e-con-full e-flex e-con e-child\" data-id=\"021e34a\" data-element_type=\"container\" data-e-type=\"container\">\n\t\t\t\t<div class=\"elementor-element elementor-element-7b85653 elementor-widget elementor-widget-heading\" data-id=\"7b85653\" data-element_type=\"widget\" data-e-type=\"widget\" data-widget_type=\"heading.default\">\n\t\t\t\t<div class=\"elementor-widget-container\">\n\t\t\t\t\t<h2 class=\"elementor-heading-title elementor-size-default\">Service de Conciergerie de Golf Exclusif<\/h2>\t\t\t\t<\/div>\n\t\t\t\t<\/div>\n\t\t\t\t<div class=\"elementor-element elementor-element-b0b8c59 elementor-widget elementor-widget-text-editor\" data-id=\"b0b8c59\" data-element_type=\"widget\" data-e-type=\"widget\" data-widget_type=\"text-editor.default\">\n\t\t\t\t<div class=\"elementor-widget-container\">\n\t\t\t\t\t\t\t\t\t<p>Profitez d'une exp\u00e9rience de golf sans faille avec le service de golf priv\u00e9 du Thai Garden Resort. Nous assurons un transport complet et une assistance vers les meilleurs parcours de golf de Pattaya, garantissant confort, commodit\u00e9 et style du d\u00e9but \u00e0 la fin. Id\u00e9al pour les amateurs de golf souhaitant am\u00e9liorer leur s\u00e9jour.<\/p>\t\t\t\t\t\t\t\t<\/div>\n\t\t\t\t<\/div>\n\t\t\t\t<div class=\"elementor-element elementor-element-0ecd98f elementor-align-left elementor-widget__width-inherit elementor-widget-mobile__width-inherit elementor-widget elementor-widget-button\" data-id=\"0ecd98f\" data-element_type=\"widget\" data-e-type=\"widget\" data-widget_type=\"button.default\">\n\t\t\t\t<div class=\"elementor-widget-container\">\n\t\t\t\t\t\t\t\t\t<div class=\"elementor-button-wrapper\">\n\t\t\t\t\t<a class=\"elementor-button elementor-button-link elementor-size-sm\" href=\"https:\/\/thaigarden.com\/fr\/contact-us\/\" target=\"_blank\">\n\t\t\t\t\t\t<span class=\"elementor-button-content-wrapper\">\n\t\t\t\t\t\t\t\t\t<span class=\"elementor-button-text\">Faire une demande<\/span>\n\t\t\t\t\t<\/span>\n\t\t\t\t\t<\/a>\n\t\t\t\t<\/div>\n\t\t\t\t\t\t\t\t<\/div>\n\t\t\t\t<\/div>\n\t\t\t\t<\/div>\n\t\t<div class=\"elementor-element elementor-element-ab7022c e-con-full e-flex e-con e-child\" data-id=\"ab7022c\" data-element_type=\"container\" data-e-type=\"container\">\n\t\t\t\t<div class=\"elementor-element elementor-element-77a046d elementor-widget elementor-widget-image\" data-id=\"77a046d\" data-element_type=\"widget\" data-e-type=\"widget\" data-widget_type=\"image.default\">\n\t\t\t\t<div class=\"elementor-widget-container\">\n\t\t\t\t\t\t\t\t\t\t\t\t\t\t\t<img decoding=\"async\" width=\"675\" height=\"1200\" src=\"data:image\/gif;base64,R0lGODlhAQABAIAAAAAAAP\/\/\/yH5BAEAAAAALAAAAAABAAEAAAIBRAA7\" data-src=\"https:\/\/thaigarden.com\/wp-content\/uploads\/2025\/05\/golf-club-activities-sport-thai-garden-resort-pattaya-thailand.jpg\" class=\"attachment-medium_large size-medium_large wp-image-14614 lazyload\" alt=\"Private golf service with transport from Thai Garden Resort to Pattaya golf courses\" data-srcset=\"https:\/\/thaigarden.com\/wp-content\/uploads\/2025\/05\/golf-club-activities-sport-thai-garden-resort-pattaya-thailand.jpg 675w, https:\/\/thaigarden.com\/wp-content\/uploads\/2025\/05\/golf-club-activities-sport-thai-garden-resort-pattaya-thailand-169x300.jpg 169w, https:\/\/thaigarden.com\/wp-content\/uploads\/2025\/05\/golf-club-activities-sport-thai-garden-resort-pattaya-thailand-576x1024.jpg 576w, https:\/\/thaigarden.com\/wp-content\/uploads\/2025\/05\/golf-club-activities-sport-thai-garden-resort-pattaya-thailand-7x12.jpg 7w\" sizes=\"100vw\" \/><noscript><img loading=\"lazy\" decoding=\"async\" width=\"675\" height=\"1200\" src=\"https:\/\/thaigarden.com\/wp-content\/uploads\/2025\/05\/golf-club-activities-sport-thai-garden-resort-pattaya-thailand.jpg\" class=\"attachment-medium_large size-medium_large wp-image-14614 lazyload\" alt=\"Private golf service with transport from Thai Garden Resort to Pattaya golf courses\" srcset=\"https:\/\/thaigarden.com\/wp-content\/uploads\/2025\/05\/golf-club-activities-sport-thai-garden-resort-pattaya-thailand.jpg 675w, https:\/\/thaigarden.com\/wp-content\/uploads\/2025\/05\/golf-club-activities-sport-thai-garden-resort-pattaya-thailand-169x300.jpg 169w, https:\/\/thaigarden.com\/wp-content\/uploads\/2025\/05\/golf-club-activities-sport-thai-garden-resort-pattaya-thailand-576x1024.jpg 576w, https:\/\/thaigarden.com\/wp-content\/uploads\/2025\/05\/golf-club-activities-sport-thai-garden-resort-pattaya-thailand-7x12.jpg 7w\" sizes=\"100vw\" \/><\/noscript>\t\t\t\t\t\t\t\t\t\t\t\t\t\t\t<\/div>\n\t\t\t\t<\/div>\n\t\t\t\t<\/div>\n\t\t\t\t<\/div>\n\t\t\t\t<\/div>\n\t\t<div class=\"elementor-element elementor-element-1fc94de e-con-full e-flex e-con e-parent\" data-id=\"1fc94de\" data-element_type=\"container\" data-e-type=\"container\" data-settings=\"{&quot;background_background&quot;:&quot;classic&quot;}\">\n\t\t<div class=\"elementor-element elementor-element-f5777b5 e-flex e-con-boxed e-con e-child\" data-id=\"f5777b5\" data-element_type=\"container\" data-e-type=\"container\" data-settings=\"{&quot;background_background&quot;:&quot;gradient&quot;}\">\n\t\t\t\t\t<div class=\"e-con-inner\">\n\t\t<div class=\"elementor-element elementor-element-b8bdda1 e-con-full e-flex e-con e-child\" data-id=\"b8bdda1\" data-element_type=\"container\" data-e-type=\"container\">\n\t\t\t\t<div class=\"elementor-element elementor-element-d57d9df elementor-widget elementor-widget-spacer\" data-id=\"d57d9df\" data-element_type=\"widget\" data-e-type=\"widget\" data-widget_type=\"spacer.default\">\n\t\t\t\t<div class=\"elementor-widget-container\">\n\t\t\t\t\t\t\t<div class=\"elementor-spacer\">\n\t\t\t<div class=\"elementor-spacer-inner\"><\/div>\n\t\t<\/div>\n\t\t\t\t\t\t<\/div>\n\t\t\t\t<\/div>\n\t\t\t\t<div class=\"elementor-element elementor-element-54a0e6a elementor-widget-mobile__width-inherit elementor-hidden-desktop elementor-hidden-tablet elementor-widget elementor-widget-image\" data-id=\"54a0e6a\" data-element_type=\"widget\" data-e-type=\"widget\" data-widget_type=\"image.default\">\n\t\t\t\t<div class=\"elementor-widget-container\">\n\t\t\t\t\t\t\t\t\t\t\t\t\t\t\t<img loading=\"lazy\" decoding=\"async\" width=\"800\" height=\"532\" src=\"data:image\/gif;base64,R0lGODlhAQABAIAAAAAAAP\/\/\/yH5BAEAAAAALAAAAAABAAEAAAIBRAA7\" data-src=\"https:\/\/thaigarden.com\/wp-content\/uploads\/2024\/11\/pexels-lynxexotics-3764986.jpg\" class=\"attachment-large size-large wp-image-10608 lazyload\" alt=\"\" data-srcset=\"https:\/\/thaigarden.com\/wp-content\/uploads\/2024\/11\/pexels-lynxexotics-3764986.jpg 800w, https:\/\/thaigarden.com\/wp-content\/uploads\/2024\/11\/pexels-lynxexotics-3764986-300x200.jpg 300w, https:\/\/thaigarden.com\/wp-content\/uploads\/2024\/11\/pexels-lynxexotics-3764986-18x12.jpg 18w\" sizes=\"100vw\" \/><noscript><img loading=\"lazy\" decoding=\"async\" width=\"800\" height=\"532\" src=\"https:\/\/thaigarden.com\/wp-content\/uploads\/2024\/11\/pexels-lynxexotics-3764986.jpg\" class=\"attachment-large size-large wp-image-10608 lazyload\" alt=\"\" srcset=\"https:\/\/thaigarden.com\/wp-content\/uploads\/2024\/11\/pexels-lynxexotics-3764986.jpg 800w, https:\/\/thaigarden.com\/wp-content\/uploads\/2024\/11\/pexels-lynxexotics-3764986-300x200.jpg 300w, https:\/\/thaigarden.com\/wp-content\/uploads\/2024\/11\/pexels-lynxexotics-3764986-18x12.jpg 18w\" sizes=\"100vw\" \/><\/noscript>\t\t\t\t\t\t\t\t\t\t\t\t\t\t\t<\/div>\n\t\t\t\t<\/div>\n\t\t\t\t<div class=\"elementor-element elementor-element-0bacc57 elementor-widget-mobile__width-inherit elementor-widget elementor-widget-text-editor\" data-id=\"0bacc57\" data-element_type=\"widget\" data-e-type=\"widget\" data-widget_type=\"text-editor.default\">\n\t\t\t\t<div class=\"elementor-widget-container\">\n\t\t\t\t\t\t\t\t\t<p>Rolls Royce Phantom<\/p>\t\t\t\t\t\t\t\t<\/div>\n\t\t\t\t<\/div>\n\t\t\t\t<div class=\"elementor-element elementor-element-61eae20 elementor-widget elementor-widget-text-editor\" data-id=\"61eae20\" data-element_type=\"widget\" data-e-type=\"widget\" data-widget_type=\"text-editor.default\">\n\t\t\t\t<div class=\"elementor-widget-container\">\n\t\t\t\t\t\t\t\t\tArrivez avec style \u00e0 bord de notre Rolls Royce Phantom exclusive, o\u00f9 le luxe rencontre la sophistication. Impeccablement con\u00e7ue pour ceux qui appr\u00e9cient les meilleures choses de la vie, ce v\u00e9hicule iconique garantit une conduite fluide et opulente du d\u00e9but \u00e0 la fin. Vivez l\u2019ultime confort et prestige, uniquement au Thai Garden Resort.\t\t\t\t\t\t\t\t<\/div>\n\t\t\t\t<\/div>\n\t\t\t\t<div class=\"elementor-element elementor-element-5c593db elementor-align-left elementor-widget__width-inherit elementor-widget-mobile__width-inherit elementor-widget elementor-widget-button\" data-id=\"5c593db\" data-element_type=\"widget\" data-e-type=\"widget\" data-widget_type=\"button.default\">\n\t\t\t\t<div class=\"elementor-widget-container\">\n\t\t\t\t\t\t\t\t\t<div class=\"elementor-button-wrapper\">\n\t\t\t\t\t<a class=\"elementor-button elementor-button-link elementor-size-sm\" href=\"https:\/\/thaigarden.com\/fr\/contact-us\/\" target=\"_blank\">\n\t\t\t\t\t\t<span class=\"elementor-button-content-wrapper\">\n\t\t\t\t\t\t\t\t\t<span class=\"elementor-button-text\">V\u00e9rifier la disponibilit\u00e9<\/span>\n\t\t\t\t\t<\/span>\n\t\t\t\t\t<\/a>\n\t\t\t\t<\/div>\n\t\t\t\t\t\t\t\t<\/div>\n\t\t\t\t<\/div>\n\t\t\t\t<\/div>\n\t\t<div class=\"elementor-element elementor-element-fcc76d6 e-con-full e-flex e-con e-child\" data-id=\"fcc76d6\" data-element_type=\"container\" data-e-type=\"container\">\n\t\t\t\t<div class=\"elementor-element elementor-element-6f19657 elementor-hidden-mobile elementor-widget elementor-widget-image\" data-id=\"6f19657\" data-element_type=\"widget\" data-e-type=\"widget\" data-widget_type=\"image.default\">\n\t\t\t\t<div class=\"elementor-widget-container\">\n\t\t\t\t\t\t\t\t\t\t\t\t\t\t\t<img loading=\"lazy\" decoding=\"async\" width=\"800\" height=\"532\" src=\"data:image\/gif;base64,R0lGODlhAQABAIAAAAAAAP\/\/\/yH5BAEAAAAALAAAAAABAAEAAAIBRAA7\" data-src=\"https:\/\/thaigarden.com\/wp-content\/uploads\/2024\/11\/pexels-lynxexotics-3764986.jpg\" class=\"attachment-large size-large wp-image-10608 lazyload\" alt=\"\" data-srcset=\"https:\/\/thaigarden.com\/wp-content\/uploads\/2024\/11\/pexels-lynxexotics-3764986.jpg 800w, https:\/\/thaigarden.com\/wp-content\/uploads\/2024\/11\/pexels-lynxexotics-3764986-300x200.jpg 300w, https:\/\/thaigarden.com\/wp-content\/uploads\/2024\/11\/pexels-lynxexotics-3764986-18x12.jpg 18w\" sizes=\"100vw\" \/><noscript><img loading=\"lazy\" decoding=\"async\" width=\"800\" height=\"532\" src=\"https:\/\/thaigarden.com\/wp-content\/uploads\/2024\/11\/pexels-lynxexotics-3764986.jpg\" class=\"attachment-large size-large wp-image-10608 lazyload\" alt=\"\" srcset=\"https:\/\/thaigarden.com\/wp-content\/uploads\/2024\/11\/pexels-lynxexotics-3764986.jpg 800w, https:\/\/thaigarden.com\/wp-content\/uploads\/2024\/11\/pexels-lynxexotics-3764986-300x200.jpg 300w, https:\/\/thaigarden.com\/wp-content\/uploads\/2024\/11\/pexels-lynxexotics-3764986-18x12.jpg 18w\" sizes=\"100vw\" \/><\/noscript>\t\t\t\t\t\t\t\t\t\t\t\t\t\t\t<\/div>\n\t\t\t\t<\/div>\n\t\t\t\t<\/div>\n\t\t\t\t\t<\/div>\n\t\t\t\t<\/div>\n\t\t\t\t<\/div>\n\t\t<div class=\"elementor-element elementor-element-76e5372 e-flex e-con-boxed e-con e-parent\" data-id=\"76e5372\" data-element_type=\"container\" data-e-type=\"container\" data-settings=\"{&quot;background_background&quot;:&quot;classic&quot;}\">\n\t\t\t\t\t<div class=\"e-con-inner\">\n\t\t<div class=\"elementor-element elementor-element-a1405ba e-con-full e-flex e-con e-child\" data-id=\"a1405ba\" data-element_type=\"container\" data-e-type=\"container\" data-settings=\"{&quot;background_background&quot;:&quot;classic&quot;}\">\n\t\t<div class=\"elementor-element elementor-element-420e0f2 e-con-full e-flex e-con e-child\" data-id=\"420e0f2\" data-element_type=\"container\" data-e-type=\"container\">\n\t\t\t\t<div class=\"elementor-element elementor-element-8e123c8 elementor-widget-mobile__width-inherit elementor-widget elementor-widget-image\" data-id=\"8e123c8\" data-element_type=\"widget\" data-e-type=\"widget\" data-widget_type=\"image.default\">\n\t\t\t\t<div class=\"elementor-widget-container\">\n\t\t\t\t\t\t\t\t\t\t\t\t\t\t\t<img loading=\"lazy\" decoding=\"async\" width=\"950\" height=\"635\" src=\"data:image\/gif;base64,R0lGODlhAQABAIAAAAAAAP\/\/\/yH5BAEAAAAALAAAAAABAAEAAAIBRAA7\" data-src=\"https:\/\/thaigarden.com\/wp-content\/uploads\/2024\/11\/pexels-pixabay-163236-1024x685.jpg\" class=\"attachment-large size-large wp-image-7950 lazyload\" alt=\"\" data-srcset=\"https:\/\/thaigarden.com\/wp-content\/uploads\/2024\/11\/pexels-pixabay-163236-1024x685.jpg 1024w, https:\/\/thaigarden.com\/wp-content\/uploads\/2024\/11\/pexels-pixabay-163236-300x201.jpg 300w, https:\/\/thaigarden.com\/wp-content\/uploads\/2024\/11\/pexels-pixabay-163236-2000x1339.jpg 2000w, https:\/\/thaigarden.com\/wp-content\/uploads\/2024\/11\/pexels-pixabay-163236-scaled-1536x1028.jpg 1536w, https:\/\/thaigarden.com\/wp-content\/uploads\/2024\/11\/pexels-pixabay-163236-scaled-2048x1371.jpg 2048w, https:\/\/thaigarden.com\/wp-content\/uploads\/2024\/11\/pexels-pixabay-163236-scaled-18x12.jpg 18w\" sizes=\"100vw\" \/><noscript><img loading=\"lazy\" decoding=\"async\" width=\"950\" height=\"635\" src=\"https:\/\/thaigarden.com\/wp-content\/uploads\/2024\/11\/pexels-pixabay-163236-1024x685.jpg\" class=\"attachment-large size-large wp-image-7950 lazyload\" alt=\"\" srcset=\"https:\/\/thaigarden.com\/wp-content\/uploads\/2024\/11\/pexels-pixabay-163236-1024x685.jpg 1024w, https:\/\/thaigarden.com\/wp-content\/uploads\/2024\/11\/pexels-pixabay-163236-300x201.jpg 300w, https:\/\/thaigarden.com\/wp-content\/uploads\/2024\/11\/pexels-pixabay-163236-2000x1339.jpg 2000w, https:\/\/thaigarden.com\/wp-content\/uploads\/2024\/11\/pexels-pixabay-163236-scaled-1536x1028.jpg 1536w, https:\/\/thaigarden.com\/wp-content\/uploads\/2024\/11\/pexels-pixabay-163236-scaled-2048x1371.jpg 2048w, https:\/\/thaigarden.com\/wp-content\/uploads\/2024\/11\/pexels-pixabay-163236-scaled-18x12.jpg 18w\" sizes=\"100vw\" \/><\/noscript>\t\t\t\t\t\t\t\t\t\t\t\t\t\t\t<\/div>\n\t\t\t\t<\/div>\n\t\t\t\t<\/div>\n\t\t<div class=\"elementor-element elementor-element-ec4cee3 e-con-full e-flex e-con e-child\" data-id=\"ec4cee3\" data-element_type=\"container\" data-e-type=\"container\">\n\t\t\t\t<div class=\"elementor-element elementor-element-c0f292c elementor-widget elementor-widget-spacer\" data-id=\"c0f292c\" data-element_type=\"widget\" data-e-type=\"widget\" data-widget_type=\"spacer.default\">\n\t\t\t\t<div class=\"elementor-widget-container\">\n\t\t\t\t\t\t\t<div class=\"elementor-spacer\">\n\t\t\t<div class=\"elementor-spacer-inner\"><\/div>\n\t\t<\/div>\n\t\t\t\t\t\t<\/div>\n\t\t\t\t<\/div>\n\t\t\t\t<div class=\"elementor-element elementor-element-d51c49e elementor-widget elementor-widget-text-editor\" data-id=\"d51c49e\" data-element_type=\"widget\" data-e-type=\"widget\" data-widget_type=\"text-editor.default\">\n\t\t\t\t<div class=\"elementor-widget-container\">\n\t\t\t\t\t\t\t\t\t<p>Princess 72 Yacht<\/p>\t\t\t\t\t\t\t\t<\/div>\n\t\t\t\t<\/div>\n\t\t\t\t<div class=\"elementor-element elementor-element-2685e46 elementor-widget-mobile__width-inherit elementor-widget elementor-widget-text-editor\" data-id=\"2685e46\" data-element_type=\"widget\" data-e-type=\"widget\" data-widget_type=\"text-editor.default\">\n\t\t\t\t<div class=\"elementor-widget-container\">\n\t\t\t\t\t\t\t\t\t<p>Mise \u00e0 voile pour un voyage d'une \u00e9l\u00e9gance in\u00e9gal\u00e9e avec nos croisi\u00e8res exclusives en yacht autour des magnifiques \u00eeles tha\u00eflandaises. Des eaux cristallines aux vues c\u00f4ti\u00e8res \u00e0 couper le souffle, chaque instant \u00e0 bord est con\u00e7u pour un pur plaisir. Avec des \u00e9quipements luxueux et un service personnalis\u00e9, votre exp\u00e9rience en yacht priv\u00e9 incarne la sophistication, offrant une mani\u00e8re inoubliable de d\u00e9couvrir la beaut\u00e9 de la Tha\u00eflande avec style.<\/p>\t\t\t\t\t\t\t\t<\/div>\n\t\t\t\t<\/div>\n\t\t\t\t<div class=\"elementor-element elementor-element-3684846 elementor-align-left elementor-widget__width-inherit elementor-widget-mobile__width-inherit elementor-widget elementor-widget-button\" data-id=\"3684846\" data-element_type=\"widget\" data-e-type=\"widget\" data-widget_type=\"button.default\">\n\t\t\t\t<div class=\"elementor-widget-container\">\n\t\t\t\t\t\t\t\t\t<div class=\"elementor-button-wrapper\">\n\t\t\t\t\t<a class=\"elementor-button elementor-button-link elementor-size-sm\" href=\"https:\/\/thaigarden.com\/fr\/contact-us\/\" target=\"_blank\">\n\t\t\t\t\t\t<span class=\"elementor-button-content-wrapper\">\n\t\t\t\t\t\t\t\t\t<span class=\"elementor-button-text\">V\u00e9rifier la disponibilit\u00e9<\/span>\n\t\t\t\t\t<\/span>\n\t\t\t\t\t<\/a>\n\t\t\t\t<\/div>\n\t\t\t\t\t\t\t\t<\/div>\n\t\t\t\t<\/div>\n\t\t\t\t<\/div>\n\t\t\t\t<\/div>\n\t\t\t\t\t<\/div>\n\t\t\t\t<\/div>\n\t\t<div class=\"elementor-element elementor-element-c9222fd e-flex e-con-boxed e-con e-parent\" data-id=\"c9222fd\" data-element_type=\"container\" data-e-type=\"container\">\n\t\t\t\t\t<div class=\"e-con-inner\">\n\t\t\t\t<div class=\"elementor-element elementor-element-3cb8609 elementor-widget-divider--view-line elementor-widget elementor-widget-divider\" data-id=\"3cb8609\" data-element_type=\"widget\" data-e-type=\"widget\" data-widget_type=\"divider.default\">\n\t\t\t\t<div class=\"elementor-widget-container\">\n\t\t\t\t\t\t\t<div class=\"elementor-divider\">\n\t\t\t<span class=\"elementor-divider-separator\">\n\t\t\t\t\t\t<\/span>\n\t\t<\/div>\n\t\t\t\t\t\t<\/div>\n\t\t\t\t<\/div>\n\t\t\t\t<div class=\"elementor-element elementor-element-829c673 elementor-widget__width-initial elementor-widget-mobile__width-initial elementor-widget elementor-widget-text-editor\" data-id=\"829c673\" data-element_type=\"widget\" data-e-type=\"widget\" data-widget_type=\"text-editor.default\">\n\t\t\t\t<div class=\"elementor-widget-container\">\n\t\t\t\t\t\t\t\t\t<p>Offrez-vous un luxe in\u00e9gal\u00e9 \u2013 o\u00f9 chaque voyage est une \u0153uvre d'art.<\/p>\t\t\t\t\t\t\t\t<\/div>\n\t\t\t\t<\/div>\n\t\t\t\t\t<\/div>\n\t\t\t\t<\/div>\n\t\t\t\t<\/div>","protected":false},"excerpt":{"rendered":"<p>Rolls-Royce, Yacht &amp; Golf Experiences THAI GARDEN RESORT\u00ae LUXURY SERVICES Begun in 2025, Crafted for You At Thai Garden Resort, we curate experiences that go beyond the ordinary. From private yacht charters and Rolls-Royce transfers to exclusive golf concierge service, every detail is tailored for guests who seek refined indulgence. Discover a world where elegance &hellip; <\/p>\n<p class=\"link-more\"><a href=\"https:\/\/thaigarden.com\/fr\/exclusive-luxury-services\/\" class=\"more-link\">Lire la suite de<span class=\"screen-reader-text\">\u00ab\u00a0Exclusive Services\u00a0\u00bb<\/span><\/a><\/p>","protected":false},"author":1,"featured_media":0,"parent":0,"menu_order":19,"comment_status":"closed","ping_status":"closed","template":"elementor_header_footer","meta":{"footnotes":""},"class_list":["post-7896","page","type-page","status-publish","hentry"],"_links":{"self":[{"href":"https:\/\/thaigarden.com\/fr\/wp-json\/wp\/v2\/pages\/7896","targetHints":{"allow":["GET"]}}],"collection":[{"href":"https:\/\/thaigarden.com\/fr\/wp-json\/wp\/v2\/pages"}],"about":[{"href":"https:\/\/thaigarden.com\/fr\/wp-json\/wp\/v2\/types\/page"}],"author":[{"embeddable":true,"href":"https:\/\/thaigarden.com\/fr\/wp-json\/wp\/v2\/users\/1"}],"replies":[{"embeddable":true,"href":"https:\/\/thaigarden.com\/fr\/wp-json\/wp\/v2\/comments?post=7896"}],"version-history":[{"count":0,"href":"https:\/\/thaigarden.com\/fr\/wp-json\/wp\/v2\/pages\/7896\/revisions"}],"wp:attachment":[{"href":"https:\/\/thaigarden.com\/fr\/wp-json\/wp\/v2\/media?parent=7896"}],"curies":[{"name":"wp","href":"https:\/\/api.w.org\/{rel}","templated":true}]}}