{"id":7896,"date":"2024-11-14T07:48:29","date_gmt":"2024-11-14T07:48:29","guid":{"rendered":"https:\/\/thaigarden.com\/?page_id=7896"},"modified":"2025-05-05T17:30:51","modified_gmt":"2025-05-05T10:30:51","slug":"exclusive-luxury-services","status":"publish","type":"page","link":"https:\/\/thaigarden.com\/pl\/exclusive-luxury-services\/","title":{"rendered":"Us\u0142ugi na wy\u0142\u0105czno\u015b\u0107"},"content":{"rendered":"<div data-elementor-type=\"wp-page\" data-elementor-id=\"7896\" class=\"elementor elementor-7896\">\n\t\t\t\t<div class=\"elementor-element elementor-element-84023f1 e-flex e-con-boxed e-con e-parent\" data-id=\"84023f1\" data-element_type=\"container\" data-e-type=\"container\">\n\t\t\t\t\t<div class=\"e-con-inner\">\n\t\t\t\t<div class=\"elementor-element elementor-element-2955fde elementor-widget elementor-widget-text-editor\" data-id=\"2955fde\" data-element_type=\"widget\" data-e-type=\"widget\" data-widget_type=\"text-editor.default\">\n\t\t\t\t<div class=\"elementor-widget-container\">\n\t\t\t\t\t\t\t\t\t<p>Do\u015bwiadczenia Rolls-Royce, jacht i golf<\/p>\t\t\t\t\t\t\t\t<\/div>\n\t\t\t\t<\/div>\n\t\t\t\t<div class=\"elementor-element elementor-element-f1925a1 elementor-widget elementor-widget-text-editor\" data-id=\"f1925a1\" data-element_type=\"widget\" data-e-type=\"widget\" data-widget_type=\"text-editor.default\">\n\t\t\t\t<div class=\"elementor-widget-container\">\n\t\t\t\t\t\t\t\t\t<p>US\u0141UGI LUKSUSOWE THAI GARDEN RESORT\u00ae<\/p>\t\t\t\t\t\t\t\t<\/div>\n\t\t\t\t<\/div>\n\t\t\t\t<div class=\"elementor-element elementor-element-4eea2f2 elementor-widget__width-initial elementor-widget-mobile__width-inherit elementor-widget elementor-widget-image\" data-id=\"4eea2f2\" data-element_type=\"widget\" data-e-type=\"widget\" data-widget_type=\"image.default\">\n\t\t\t\t<div class=\"elementor-widget-container\">\n\t\t\t\t\t\t\t\t\t\t\t\t\t\t\t<img fetchpriority=\"high\" decoding=\"async\" width=\"2560\" height=\"1704\" src=\"data:image\/gif;base64,R0lGODlhAQABAIAAAAAAAP\/\/\/yH5BAEAAAAALAAAAAABAAEAAAIBRAA7\" data-src=\"https:\/\/thaigarden.com\/wp-content\/uploads\/2024\/11\/pexels-lynxexotics-3764984-scaled.jpg\" class=\"attachment-full size-full wp-image-7906 lazyload\" alt=\"\" data-srcset=\"https:\/\/thaigarden.com\/wp-content\/uploads\/2024\/11\/pexels-lynxexotics-3764984-scaled.jpg 2560w, https:\/\/thaigarden.com\/wp-content\/uploads\/2024\/11\/pexels-lynxexotics-3764984-300x200.jpg 300w, https:\/\/thaigarden.com\/wp-content\/uploads\/2024\/11\/pexels-lynxexotics-3764984-1024x681.jpg 1024w, https:\/\/thaigarden.com\/wp-content\/uploads\/2024\/11\/pexels-lynxexotics-3764984-2000x1331.jpg 2000w, https:\/\/thaigarden.com\/wp-content\/uploads\/2024\/11\/pexels-lynxexotics-3764984-scaled-1536x1022.jpg 1536w, https:\/\/thaigarden.com\/wp-content\/uploads\/2024\/11\/pexels-lynxexotics-3764984-scaled-2048x1363.jpg 2048w, https:\/\/thaigarden.com\/wp-content\/uploads\/2024\/11\/pexels-lynxexotics-3764984-scaled-18x12.jpg 18w\" sizes=\"100vw\" \/><noscript><img decoding=\"async\" width=\"2560\" height=\"1704\" src=\"https:\/\/thaigarden.com\/wp-content\/uploads\/2024\/11\/pexels-lynxexotics-3764984-scaled.jpg\" class=\"attachment-full size-full wp-image-7906 lazyload\" alt=\"\" srcset=\"https:\/\/thaigarden.com\/wp-content\/uploads\/2024\/11\/pexels-lynxexotics-3764984-scaled.jpg 2560w, https:\/\/thaigarden.com\/wp-content\/uploads\/2024\/11\/pexels-lynxexotics-3764984-300x200.jpg 300w, https:\/\/thaigarden.com\/wp-content\/uploads\/2024\/11\/pexels-lynxexotics-3764984-1024x681.jpg 1024w, https:\/\/thaigarden.com\/wp-content\/uploads\/2024\/11\/pexels-lynxexotics-3764984-2000x1331.jpg 2000w, https:\/\/thaigarden.com\/wp-content\/uploads\/2024\/11\/pexels-lynxexotics-3764984-scaled-1536x1022.jpg 1536w, https:\/\/thaigarden.com\/wp-content\/uploads\/2024\/11\/pexels-lynxexotics-3764984-scaled-2048x1363.jpg 2048w, https:\/\/thaigarden.com\/wp-content\/uploads\/2024\/11\/pexels-lynxexotics-3764984-scaled-18x12.jpg 18w\" sizes=\"100vw\" \/><\/noscript>\t\t\t\t\t\t\t\t\t\t\t\t\t\t\t<\/div>\n\t\t\t\t<\/div>\n\t\t\t\t<div class=\"elementor-element elementor-element-7c36789 elementor-widget elementor-widget-spacer\" data-id=\"7c36789\" data-element_type=\"widget\" data-e-type=\"widget\" data-widget_type=\"spacer.default\">\n\t\t\t\t<div class=\"elementor-widget-container\">\n\t\t\t\t\t\t\t<div class=\"elementor-spacer\">\n\t\t\t<div class=\"elementor-spacer-inner\"><\/div>\n\t\t<\/div>\n\t\t\t\t\t\t<\/div>\n\t\t\t\t<\/div>\n\t\t\t\t<div class=\"elementor-element elementor-element-3cf2d5f elementor-widget elementor-widget-text-editor\" data-id=\"3cf2d5f\" data-element_type=\"widget\" data-e-type=\"widget\" data-widget_type=\"text-editor.default\">\n\t\t\t\t<div class=\"elementor-widget-container\">\n\t\t\t\t\t\t\t\t\t<p>Rozpocz\u0119te w 2025 roku, stworzone dla Ciebie<\/p>\t\t\t\t\t\t\t\t<\/div>\n\t\t\t\t<\/div>\n\t\t\t\t<div class=\"elementor-element elementor-element-c7ca053 elementor-widget__width-initial elementor-widget-mobile__width-inherit elementor-widget elementor-widget-text-editor\" data-id=\"c7ca053\" data-element_type=\"widget\" data-e-type=\"widget\" data-widget_type=\"text-editor.default\">\n\t\t\t\t<div class=\"elementor-widget-container\">\n\t\t\t\t\t\t\t\t\t<p>W Thai Garden Resort tworzymy do\u015bwiadczenia, kt\u00f3re wykraczaj\u0105 poza zwyk\u0142e. Od prywatnych czarter\u00f3w jacht\u00f3w i transfer\u00f3w Rolls-Royce po ekskluzywn\u0105 obs\u0142ug\u0119 golfowego concierge, ka\u017cdy szczeg\u00f3\u0142 jest dopasowany do go\u015bci szukaj\u0105cych wysublimowanego luksusu. Odkryj \u015bwiat, w kt\u00f3rym elegancja \u0142\u0105czy si\u0119 z wygod\u0105 \u2013 tylko w spokojnym azylu wyrafinowania w Pattayi.<\/p>\t\t\t\t\t\t\t\t<\/div>\n\t\t\t\t<\/div>\n\t\t\t\t<div class=\"elementor-element elementor-element-efcc223 elementor-widget elementor-widget-spacer\" data-id=\"efcc223\" data-element_type=\"widget\" data-e-type=\"widget\" data-widget_type=\"spacer.default\">\n\t\t\t\t<div class=\"elementor-widget-container\">\n\t\t\t\t\t\t\t<div class=\"elementor-spacer\">\n\t\t\t<div class=\"elementor-spacer-inner\"><\/div>\n\t\t<\/div>\n\t\t\t\t\t\t<\/div>\n\t\t\t\t<\/div>\n\t\t\t\t\t<\/div>\n\t\t\t\t<\/div>\n\t\t<div class=\"elementor-element elementor-element-b066db8 e-con-full e-flex e-con e-parent\" data-id=\"b066db8\" data-element_type=\"container\" data-e-type=\"container\" data-settings=\"{&quot;background_background&quot;:&quot;gradient&quot;}\">\n\t\t<div class=\"elementor-element elementor-element-e240b3c e-con-full e-flex e-con e-child\" data-id=\"e240b3c\" data-element_type=\"container\" data-e-type=\"container\" data-settings=\"{&quot;background_background&quot;:&quot;gradient&quot;}\">\n\t\t<div class=\"elementor-element elementor-element-021e34a e-con-full e-flex e-con e-child\" data-id=\"021e34a\" data-element_type=\"container\" data-e-type=\"container\">\n\t\t\t\t<div class=\"elementor-element elementor-element-7b85653 elementor-widget elementor-widget-heading\" data-id=\"7b85653\" data-element_type=\"widget\" data-e-type=\"widget\" data-widget_type=\"heading.default\">\n\t\t\t\t<div class=\"elementor-widget-container\">\n\t\t\t\t\t<h2 class=\"elementor-heading-title elementor-size-default\">Ekskluzywna us\u0142uga golfowego concierge<\/h2>\t\t\t\t<\/div>\n\t\t\t\t<\/div>\n\t\t\t\t<div class=\"elementor-element elementor-element-b0b8c59 elementor-widget elementor-widget-text-editor\" data-id=\"b0b8c59\" data-element_type=\"widget\" data-e-type=\"widget\" data-widget_type=\"text-editor.default\">\n\t\t\t\t<div class=\"elementor-widget-container\">\n\t\t\t\t\t\t\t\t\t<p>Ciesz si\u0119 bezproblemowym do\u015bwiadczeniem golfowym dzi\u0119ki prywatnej us\u0142udze golfowej Thai Garden Resort. Zapewniamy pe\u0142ny transport i pomoc do najlepszych p\u00f3l golfowych w Pattaya, zapewniaj\u0105c komfort, wygod\u0119 i styl od pocz\u0105tku do ko\u0144ca. Idealne dla mi\u0142o\u015bnik\u00f3w golfa, kt\u00f3rzy chc\u0105 podnie\u015b\u0107 jako\u015b\u0107 swojego pobytu.<\/p>\t\t\t\t\t\t\t\t<\/div>\n\t\t\t\t<\/div>\n\t\t\t\t<div class=\"elementor-element elementor-element-0ecd98f elementor-align-left elementor-widget__width-inherit elementor-widget-mobile__width-inherit elementor-widget elementor-widget-button\" data-id=\"0ecd98f\" data-element_type=\"widget\" data-e-type=\"widget\" data-widget_type=\"button.default\">\n\t\t\t\t<div class=\"elementor-widget-container\">\n\t\t\t\t\t\t\t\t\t<div class=\"elementor-button-wrapper\">\n\t\t\t\t\t<a class=\"elementor-button elementor-button-link elementor-size-sm\" href=\"https:\/\/thaigarden.com\/pl\/contact-us\/\" target=\"_blank\">\n\t\t\t\t\t\t<span class=\"elementor-button-content-wrapper\">\n\t\t\t\t\t\t\t\t\t<span class=\"elementor-button-text\">Z\u0142\u00f3\u017c zapytanie teraz<\/span>\n\t\t\t\t\t<\/span>\n\t\t\t\t\t<\/a>\n\t\t\t\t<\/div>\n\t\t\t\t\t\t\t\t<\/div>\n\t\t\t\t<\/div>\n\t\t\t\t<\/div>\n\t\t<div class=\"elementor-element elementor-element-ab7022c e-con-full e-flex e-con e-child\" data-id=\"ab7022c\" data-element_type=\"container\" data-e-type=\"container\">\n\t\t\t\t<div class=\"elementor-element elementor-element-77a046d elementor-widget elementor-widget-image\" data-id=\"77a046d\" data-element_type=\"widget\" data-e-type=\"widget\" data-widget_type=\"image.default\">\n\t\t\t\t<div class=\"elementor-widget-container\">\n\t\t\t\t\t\t\t\t\t\t\t\t\t\t\t<img decoding=\"async\" width=\"675\" height=\"1200\" src=\"data:image\/gif;base64,R0lGODlhAQABAIAAAAAAAP\/\/\/yH5BAEAAAAALAAAAAABAAEAAAIBRAA7\" data-src=\"https:\/\/thaigarden.com\/wp-content\/uploads\/2025\/05\/golf-club-activities-sport-thai-garden-resort-pattaya-thailand.jpg\" class=\"attachment-medium_large size-medium_large wp-image-14614 lazyload\" alt=\"Private golf service with transport from Thai Garden Resort to Pattaya golf courses\" data-srcset=\"https:\/\/thaigarden.com\/wp-content\/uploads\/2025\/05\/golf-club-activities-sport-thai-garden-resort-pattaya-thailand.jpg 675w, https:\/\/thaigarden.com\/wp-content\/uploads\/2025\/05\/golf-club-activities-sport-thai-garden-resort-pattaya-thailand-169x300.jpg 169w, https:\/\/thaigarden.com\/wp-content\/uploads\/2025\/05\/golf-club-activities-sport-thai-garden-resort-pattaya-thailand-576x1024.jpg 576w, https:\/\/thaigarden.com\/wp-content\/uploads\/2025\/05\/golf-club-activities-sport-thai-garden-resort-pattaya-thailand-7x12.jpg 7w\" sizes=\"100vw\" \/><noscript><img loading=\"lazy\" decoding=\"async\" width=\"675\" height=\"1200\" src=\"https:\/\/thaigarden.com\/wp-content\/uploads\/2025\/05\/golf-club-activities-sport-thai-garden-resort-pattaya-thailand.jpg\" class=\"attachment-medium_large size-medium_large wp-image-14614 lazyload\" alt=\"Private golf service with transport from Thai Garden Resort to Pattaya golf courses\" srcset=\"https:\/\/thaigarden.com\/wp-content\/uploads\/2025\/05\/golf-club-activities-sport-thai-garden-resort-pattaya-thailand.jpg 675w, https:\/\/thaigarden.com\/wp-content\/uploads\/2025\/05\/golf-club-activities-sport-thai-garden-resort-pattaya-thailand-169x300.jpg 169w, https:\/\/thaigarden.com\/wp-content\/uploads\/2025\/05\/golf-club-activities-sport-thai-garden-resort-pattaya-thailand-576x1024.jpg 576w, https:\/\/thaigarden.com\/wp-content\/uploads\/2025\/05\/golf-club-activities-sport-thai-garden-resort-pattaya-thailand-7x12.jpg 7w\" sizes=\"100vw\" \/><\/noscript>\t\t\t\t\t\t\t\t\t\t\t\t\t\t\t<\/div>\n\t\t\t\t<\/div>\n\t\t\t\t<\/div>\n\t\t\t\t<\/div>\n\t\t\t\t<\/div>\n\t\t<div class=\"elementor-element elementor-element-1fc94de e-con-full e-flex e-con e-parent\" data-id=\"1fc94de\" data-element_type=\"container\" data-e-type=\"container\" data-settings=\"{&quot;background_background&quot;:&quot;classic&quot;}\">\n\t\t<div class=\"elementor-element elementor-element-f5777b5 e-flex e-con-boxed e-con e-child\" data-id=\"f5777b5\" data-element_type=\"container\" data-e-type=\"container\" data-settings=\"{&quot;background_background&quot;:&quot;gradient&quot;}\">\n\t\t\t\t\t<div class=\"e-con-inner\">\n\t\t<div class=\"elementor-element elementor-element-b8bdda1 e-con-full e-flex e-con e-child\" data-id=\"b8bdda1\" data-element_type=\"container\" data-e-type=\"container\">\n\t\t\t\t<div class=\"elementor-element elementor-element-d57d9df elementor-widget elementor-widget-spacer\" data-id=\"d57d9df\" data-element_type=\"widget\" data-e-type=\"widget\" data-widget_type=\"spacer.default\">\n\t\t\t\t<div class=\"elementor-widget-container\">\n\t\t\t\t\t\t\t<div class=\"elementor-spacer\">\n\t\t\t<div class=\"elementor-spacer-inner\"><\/div>\n\t\t<\/div>\n\t\t\t\t\t\t<\/div>\n\t\t\t\t<\/div>\n\t\t\t\t<div class=\"elementor-element elementor-element-54a0e6a elementor-widget-mobile__width-inherit elementor-hidden-desktop elementor-hidden-tablet elementor-widget elementor-widget-image\" data-id=\"54a0e6a\" data-element_type=\"widget\" data-e-type=\"widget\" data-widget_type=\"image.default\">\n\t\t\t\t<div class=\"elementor-widget-container\">\n\t\t\t\t\t\t\t\t\t\t\t\t\t\t\t<img loading=\"lazy\" decoding=\"async\" width=\"800\" height=\"532\" src=\"data:image\/gif;base64,R0lGODlhAQABAIAAAAAAAP\/\/\/yH5BAEAAAAALAAAAAABAAEAAAIBRAA7\" data-src=\"https:\/\/thaigarden.com\/wp-content\/uploads\/2024\/11\/pexels-lynxexotics-3764986.jpg\" class=\"attachment-large size-large wp-image-10608 lazyload\" alt=\"\" data-srcset=\"https:\/\/thaigarden.com\/wp-content\/uploads\/2024\/11\/pexels-lynxexotics-3764986.jpg 800w, https:\/\/thaigarden.com\/wp-content\/uploads\/2024\/11\/pexels-lynxexotics-3764986-300x200.jpg 300w, https:\/\/thaigarden.com\/wp-content\/uploads\/2024\/11\/pexels-lynxexotics-3764986-18x12.jpg 18w\" sizes=\"100vw\" \/><noscript><img loading=\"lazy\" decoding=\"async\" width=\"800\" height=\"532\" src=\"https:\/\/thaigarden.com\/wp-content\/uploads\/2024\/11\/pexels-lynxexotics-3764986.jpg\" class=\"attachment-large size-large wp-image-10608 lazyload\" alt=\"\" srcset=\"https:\/\/thaigarden.com\/wp-content\/uploads\/2024\/11\/pexels-lynxexotics-3764986.jpg 800w, https:\/\/thaigarden.com\/wp-content\/uploads\/2024\/11\/pexels-lynxexotics-3764986-300x200.jpg 300w, https:\/\/thaigarden.com\/wp-content\/uploads\/2024\/11\/pexels-lynxexotics-3764986-18x12.jpg 18w\" sizes=\"100vw\" \/><\/noscript>\t\t\t\t\t\t\t\t\t\t\t\t\t\t\t<\/div>\n\t\t\t\t<\/div>\n\t\t\t\t<div class=\"elementor-element elementor-element-0bacc57 elementor-widget-mobile__width-inherit elementor-widget elementor-widget-text-editor\" data-id=\"0bacc57\" data-element_type=\"widget\" data-e-type=\"widget\" data-widget_type=\"text-editor.default\">\n\t\t\t\t<div class=\"elementor-widget-container\">\n\t\t\t\t\t\t\t\t\t<p>Rolls Royce Phantom<\/p>\t\t\t\t\t\t\t\t<\/div>\n\t\t\t\t<\/div>\n\t\t\t\t<div class=\"elementor-element elementor-element-61eae20 elementor-widget elementor-widget-text-editor\" data-id=\"61eae20\" data-element_type=\"widget\" data-e-type=\"widget\" data-widget_type=\"text-editor.default\">\n\t\t\t\t<div class=\"elementor-widget-container\">\n\t\t\t\t\t\t\t\t\tPrzyjed\u017a w stylu naszym ekskluzywnym Rolls Royce Phantom, gdzie luksus spotyka si\u0119 z wyrafinowaniem. Nienagannie zaprojektowany dla tych, kt\u00f3rzy ceni\u0105 sobie najpi\u0119kniejsze rzeczy w \u017cyciu, ten ikoniczny pojazd zapewnia p\u0142ynn\u0105, przepyszn\u0105 podr\u00f3\u017c od pocz\u0105tku do ko\u0144ca. Do\u015bwiadcz najwy\u017cszego komfortu i presti\u017cu, dost\u0119pnego tylko w Thai Garden Resort.\t\t\t\t\t\t\t\t<\/div>\n\t\t\t\t<\/div>\n\t\t\t\t<div class=\"elementor-element elementor-element-5c593db elementor-align-left elementor-widget__width-inherit elementor-widget-mobile__width-inherit elementor-widget elementor-widget-button\" data-id=\"5c593db\" data-element_type=\"widget\" data-e-type=\"widget\" data-widget_type=\"button.default\">\n\t\t\t\t<div class=\"elementor-widget-container\">\n\t\t\t\t\t\t\t\t\t<div class=\"elementor-button-wrapper\">\n\t\t\t\t\t<a class=\"elementor-button elementor-button-link elementor-size-sm\" href=\"https:\/\/thaigarden.com\/pl\/contact-us\/\" target=\"_blank\">\n\t\t\t\t\t\t<span class=\"elementor-button-content-wrapper\">\n\t\t\t\t\t\t\t\t\t<span class=\"elementor-button-text\">Sprawd\u017a dost\u0119pno\u015b\u0107<\/span>\n\t\t\t\t\t<\/span>\n\t\t\t\t\t<\/a>\n\t\t\t\t<\/div>\n\t\t\t\t\t\t\t\t<\/div>\n\t\t\t\t<\/div>\n\t\t\t\t<\/div>\n\t\t<div class=\"elementor-element elementor-element-fcc76d6 e-con-full e-flex e-con e-child\" data-id=\"fcc76d6\" data-element_type=\"container\" data-e-type=\"container\">\n\t\t\t\t<div class=\"elementor-element elementor-element-6f19657 elementor-hidden-mobile elementor-widget elementor-widget-image\" data-id=\"6f19657\" data-element_type=\"widget\" data-e-type=\"widget\" data-widget_type=\"image.default\">\n\t\t\t\t<div class=\"elementor-widget-container\">\n\t\t\t\t\t\t\t\t\t\t\t\t\t\t\t<img loading=\"lazy\" decoding=\"async\" width=\"800\" height=\"532\" src=\"data:image\/gif;base64,R0lGODlhAQABAIAAAAAAAP\/\/\/yH5BAEAAAAALAAAAAABAAEAAAIBRAA7\" data-src=\"https:\/\/thaigarden.com\/wp-content\/uploads\/2024\/11\/pexels-lynxexotics-3764986.jpg\" class=\"attachment-large size-large wp-image-10608 lazyload\" alt=\"\" data-srcset=\"https:\/\/thaigarden.com\/wp-content\/uploads\/2024\/11\/pexels-lynxexotics-3764986.jpg 800w, https:\/\/thaigarden.com\/wp-content\/uploads\/2024\/11\/pexels-lynxexotics-3764986-300x200.jpg 300w, https:\/\/thaigarden.com\/wp-content\/uploads\/2024\/11\/pexels-lynxexotics-3764986-18x12.jpg 18w\" sizes=\"100vw\" \/><noscript><img loading=\"lazy\" decoding=\"async\" width=\"800\" height=\"532\" src=\"https:\/\/thaigarden.com\/wp-content\/uploads\/2024\/11\/pexels-lynxexotics-3764986.jpg\" class=\"attachment-large size-large wp-image-10608 lazyload\" alt=\"\" srcset=\"https:\/\/thaigarden.com\/wp-content\/uploads\/2024\/11\/pexels-lynxexotics-3764986.jpg 800w, https:\/\/thaigarden.com\/wp-content\/uploads\/2024\/11\/pexels-lynxexotics-3764986-300x200.jpg 300w, https:\/\/thaigarden.com\/wp-content\/uploads\/2024\/11\/pexels-lynxexotics-3764986-18x12.jpg 18w\" sizes=\"100vw\" \/><\/noscript>\t\t\t\t\t\t\t\t\t\t\t\t\t\t\t<\/div>\n\t\t\t\t<\/div>\n\t\t\t\t<\/div>\n\t\t\t\t\t<\/div>\n\t\t\t\t<\/div>\n\t\t\t\t<\/div>\n\t\t<div class=\"elementor-element elementor-element-76e5372 e-flex e-con-boxed e-con e-parent\" data-id=\"76e5372\" data-element_type=\"container\" data-e-type=\"container\" data-settings=\"{&quot;background_background&quot;:&quot;classic&quot;}\">\n\t\t\t\t\t<div class=\"e-con-inner\">\n\t\t<div class=\"elementor-element elementor-element-a1405ba e-con-full e-flex e-con e-child\" data-id=\"a1405ba\" data-element_type=\"container\" data-e-type=\"container\" data-settings=\"{&quot;background_background&quot;:&quot;classic&quot;}\">\n\t\t<div class=\"elementor-element elementor-element-420e0f2 e-con-full e-flex e-con e-child\" data-id=\"420e0f2\" data-element_type=\"container\" data-e-type=\"container\">\n\t\t\t\t<div class=\"elementor-element elementor-element-8e123c8 elementor-widget-mobile__width-inherit elementor-widget elementor-widget-image\" data-id=\"8e123c8\" data-element_type=\"widget\" data-e-type=\"widget\" data-widget_type=\"image.default\">\n\t\t\t\t<div class=\"elementor-widget-container\">\n\t\t\t\t\t\t\t\t\t\t\t\t\t\t\t<img loading=\"lazy\" decoding=\"async\" width=\"950\" height=\"635\" src=\"data:image\/gif;base64,R0lGODlhAQABAIAAAAAAAP\/\/\/yH5BAEAAAAALAAAAAABAAEAAAIBRAA7\" data-src=\"https:\/\/thaigarden.com\/wp-content\/uploads\/2024\/11\/pexels-pixabay-163236-1024x685.jpg\" class=\"attachment-large size-large wp-image-7950 lazyload\" alt=\"\" data-srcset=\"https:\/\/thaigarden.com\/wp-content\/uploads\/2024\/11\/pexels-pixabay-163236-1024x685.jpg 1024w, https:\/\/thaigarden.com\/wp-content\/uploads\/2024\/11\/pexels-pixabay-163236-300x201.jpg 300w, https:\/\/thaigarden.com\/wp-content\/uploads\/2024\/11\/pexels-pixabay-163236-2000x1339.jpg 2000w, https:\/\/thaigarden.com\/wp-content\/uploads\/2024\/11\/pexels-pixabay-163236-scaled-1536x1028.jpg 1536w, https:\/\/thaigarden.com\/wp-content\/uploads\/2024\/11\/pexels-pixabay-163236-scaled-2048x1371.jpg 2048w, https:\/\/thaigarden.com\/wp-content\/uploads\/2024\/11\/pexels-pixabay-163236-scaled-18x12.jpg 18w\" sizes=\"100vw\" \/><noscript><img loading=\"lazy\" decoding=\"async\" width=\"950\" height=\"635\" src=\"https:\/\/thaigarden.com\/wp-content\/uploads\/2024\/11\/pexels-pixabay-163236-1024x685.jpg\" class=\"attachment-large size-large wp-image-7950 lazyload\" alt=\"\" srcset=\"https:\/\/thaigarden.com\/wp-content\/uploads\/2024\/11\/pexels-pixabay-163236-1024x685.jpg 1024w, https:\/\/thaigarden.com\/wp-content\/uploads\/2024\/11\/pexels-pixabay-163236-300x201.jpg 300w, https:\/\/thaigarden.com\/wp-content\/uploads\/2024\/11\/pexels-pixabay-163236-2000x1339.jpg 2000w, https:\/\/thaigarden.com\/wp-content\/uploads\/2024\/11\/pexels-pixabay-163236-scaled-1536x1028.jpg 1536w, https:\/\/thaigarden.com\/wp-content\/uploads\/2024\/11\/pexels-pixabay-163236-scaled-2048x1371.jpg 2048w, https:\/\/thaigarden.com\/wp-content\/uploads\/2024\/11\/pexels-pixabay-163236-scaled-18x12.jpg 18w\" sizes=\"100vw\" \/><\/noscript>\t\t\t\t\t\t\t\t\t\t\t\t\t\t\t<\/div>\n\t\t\t\t<\/div>\n\t\t\t\t<\/div>\n\t\t<div class=\"elementor-element elementor-element-ec4cee3 e-con-full e-flex e-con e-child\" data-id=\"ec4cee3\" data-element_type=\"container\" data-e-type=\"container\">\n\t\t\t\t<div class=\"elementor-element elementor-element-c0f292c elementor-widget elementor-widget-spacer\" data-id=\"c0f292c\" data-element_type=\"widget\" data-e-type=\"widget\" data-widget_type=\"spacer.default\">\n\t\t\t\t<div class=\"elementor-widget-container\">\n\t\t\t\t\t\t\t<div class=\"elementor-spacer\">\n\t\t\t<div class=\"elementor-spacer-inner\"><\/div>\n\t\t<\/div>\n\t\t\t\t\t\t<\/div>\n\t\t\t\t<\/div>\n\t\t\t\t<div class=\"elementor-element elementor-element-d51c49e elementor-widget elementor-widget-text-editor\" data-id=\"d51c49e\" data-element_type=\"widget\" data-e-type=\"widget\" data-widget_type=\"text-editor.default\">\n\t\t\t\t<div class=\"elementor-widget-container\">\n\t\t\t\t\t\t\t\t\t<p>Princess 72 Yacht<\/p>\t\t\t\t\t\t\t\t<\/div>\n\t\t\t\t<\/div>\n\t\t\t\t<div class=\"elementor-element elementor-element-2685e46 elementor-widget-mobile__width-inherit elementor-widget elementor-widget-text-editor\" data-id=\"2685e46\" data-element_type=\"widget\" data-e-type=\"widget\" data-widget_type=\"text-editor.default\">\n\t\t\t\t<div class=\"elementor-widget-container\">\n\t\t\t\t\t\t\t\t\t<p>Wybierz si\u0119 w podr\u00f3\u017c pe\u0142n\u0105 elegancji na naszym ekskluzywnym rejsie jachtowym wok\u00f3\u0142 tajlandzkich wysp. Krystalicznie czyste wody, zapieraj\u0105ce dech w piersiach widoki i luksusowe udogodnienia zapewni\u0105 niezapomniane wra\u017cenia, oferuj\u0105c wyj\u0105tkowy spos\u00f3b na odkrywanie pi\u0119kna Tajlandii.<\/p>\t\t\t\t\t\t\t\t<\/div>\n\t\t\t\t<\/div>\n\t\t\t\t<div class=\"elementor-element elementor-element-3684846 elementor-align-left elementor-widget__width-inherit elementor-widget-mobile__width-inherit elementor-widget elementor-widget-button\" data-id=\"3684846\" data-element_type=\"widget\" data-e-type=\"widget\" data-widget_type=\"button.default\">\n\t\t\t\t<div class=\"elementor-widget-container\">\n\t\t\t\t\t\t\t\t\t<div class=\"elementor-button-wrapper\">\n\t\t\t\t\t<a class=\"elementor-button elementor-button-link elementor-size-sm\" href=\"https:\/\/thaigarden.com\/pl\/contact-us\/\" target=\"_blank\">\n\t\t\t\t\t\t<span class=\"elementor-button-content-wrapper\">\n\t\t\t\t\t\t\t\t\t<span class=\"elementor-button-text\">Sprawd\u017a dost\u0119pno\u015b\u0107<\/span>\n\t\t\t\t\t<\/span>\n\t\t\t\t\t<\/a>\n\t\t\t\t<\/div>\n\t\t\t\t\t\t\t\t<\/div>\n\t\t\t\t<\/div>\n\t\t\t\t<\/div>\n\t\t\t\t<\/div>\n\t\t\t\t\t<\/div>\n\t\t\t\t<\/div>\n\t\t<div class=\"elementor-element elementor-element-c9222fd e-flex e-con-boxed e-con e-parent\" data-id=\"c9222fd\" data-element_type=\"container\" data-e-type=\"container\">\n\t\t\t\t\t<div class=\"e-con-inner\">\n\t\t\t\t<div class=\"elementor-element elementor-element-3cb8609 elementor-widget-divider--view-line elementor-widget elementor-widget-divider\" data-id=\"3cb8609\" data-element_type=\"widget\" data-e-type=\"widget\" data-widget_type=\"divider.default\">\n\t\t\t\t<div class=\"elementor-widget-container\">\n\t\t\t\t\t\t\t<div class=\"elementor-divider\">\n\t\t\t<span class=\"elementor-divider-separator\">\n\t\t\t\t\t\t<\/span>\n\t\t<\/div>\n\t\t\t\t\t\t<\/div>\n\t\t\t\t<\/div>\n\t\t\t\t<div class=\"elementor-element elementor-element-829c673 elementor-widget__width-initial elementor-widget-mobile__width-initial elementor-widget elementor-widget-text-editor\" data-id=\"829c673\" data-element_type=\"widget\" data-e-type=\"widget\" data-widget_type=\"text-editor.default\">\n\t\t\t\t<div class=\"elementor-widget-container\">\n\t\t\t\t\t\t\t\t\t<p>Rozkoszuj si\u0119 niezr\u00f3wnanym luksusem \u2013 gdzie ka\u017cda podr\u00f3\u017c jest dzie\u0142em sztuki.<\/p>\t\t\t\t\t\t\t\t<\/div>\n\t\t\t\t<\/div>\n\t\t\t\t\t<\/div>\n\t\t\t\t<\/div>\n\t\t\t\t<\/div>","protected":false},"excerpt":{"rendered":"<p>Rolls-Royce, Yacht &amp; Golf Experiences THAI GARDEN RESORT\u00ae LUXURY SERVICES Begun in 2025, Crafted for You At Thai Garden Resort, we curate experiences that go beyond the ordinary. From private yacht charters and Rolls-Royce transfers to exclusive golf concierge service, every detail is tailored for guests who seek refined indulgence. Discover a world where elegance &hellip; <\/p>\n<p class=\"link-more\"><a href=\"https:\/\/thaigarden.com\/pl\/exclusive-luxury-services\/\" class=\"more-link\">Read more<span class=\"screen-reader-text\"> &#8220;Exclusive Services&#8221;<\/span><\/a><\/p>","protected":false},"author":1,"featured_media":0,"parent":0,"menu_order":19,"comment_status":"closed","ping_status":"closed","template":"elementor_header_footer","meta":{"footnotes":""},"class_list":["post-7896","page","type-page","status-publish","hentry"],"_links":{"self":[{"href":"https:\/\/thaigarden.com\/pl\/wp-json\/wp\/v2\/pages\/7896","targetHints":{"allow":["GET"]}}],"collection":[{"href":"https:\/\/thaigarden.com\/pl\/wp-json\/wp\/v2\/pages"}],"about":[{"href":"https:\/\/thaigarden.com\/pl\/wp-json\/wp\/v2\/types\/page"}],"author":[{"embeddable":true,"href":"https:\/\/thaigarden.com\/pl\/wp-json\/wp\/v2\/users\/1"}],"replies":[{"embeddable":true,"href":"https:\/\/thaigarden.com\/pl\/wp-json\/wp\/v2\/comments?post=7896"}],"version-history":[{"count":0,"href":"https:\/\/thaigarden.com\/pl\/wp-json\/wp\/v2\/pages\/7896\/revisions"}],"wp:attachment":[{"href":"https:\/\/thaigarden.com\/pl\/wp-json\/wp\/v2\/media?parent=7896"}],"curies":[{"name":"wp","href":"https:\/\/api.w.org\/{rel}","templated":true}]}}